{"id":73,"date":"2025-05-29T12:23:51","date_gmt":"2025-05-29T12:23:51","guid":{"rendered":"https:\/\/emberkekalapitvany.hu\/index.php\/divine-grace-services\/"},"modified":"2025-05-29T12:24:13","modified_gmt":"2025-05-29T12:24:13","slug":"divine-grace-services","status":"publish","type":"page","link":"https:\/\/emberkekalapitvany.hu\/index.php\/divine-grace-services\/","title":{"rendered":"Divine Grace Services"},"content":{"rendered":"\t\t<div data-elementor-type=\"wp-page\" data-elementor-id=\"73\" class=\"elementor elementor-73\" data-elementor-post-type=\"page\">\n\t\t\t\t\t\t<section class=\"elementor-section elementor-top-section elementor-element elementor-element-41a5b59 elementor-section-boxed elementor-section-height-default elementor-section-height-default\" data-id=\"41a5b59\" data-element_type=\"section\">\n\t\t\t\t\t\t<div class=\"elementor-container elementor-column-gap-no\">\n\t\t\t\t\t<div class=\"elementor-column elementor-col-100 elementor-top-column elementor-element elementor-element-33aa9fe\" data-id=\"33aa9fe\" data-element_type=\"column\" data-settings=\"{&quot;background_background&quot;:&quot;gradient&quot;}\">\n\t\t\t<div class=\"elementor-widget-wrap elementor-element-populated\">\n\t\t\t\t\t\t<div class=\"elementor-element elementor-element-ee14df3 elementor-widget elementor-widget-heading\" data-id=\"ee14df3\" data-element_type=\"widget\" data-widget_type=\"heading.default\">\n\t\t\t\t<div class=\"elementor-widget-container\">\n\t\t\t\t\t<h1 class=\"elementor-heading-title elementor-size-default\">services<\/h1>\t\t\t\t<\/div>\n\t\t\t\t<\/div>\n\t\t\t\t<div class=\"elementor-element elementor-element-bd117ec elementor-align-center elementor-icon-list--layout-traditional elementor-list-item-link-full_width elementor-widget elementor-widget-icon-list\" data-id=\"bd117ec\" data-element_type=\"widget\" data-widget_type=\"icon-list.default\">\n\t\t\t\t<div class=\"elementor-widget-container\">\n\t\t\t\t\t\t\t<ul class=\"elementor-icon-list-items\">\n\t\t\t\t\t\t\t<li class=\"elementor-icon-list-item\">\n\t\t\t\t\t\t\t\t\t\t\t<a href=\"https:\/\/demo.templately.com\/divine-grace-home\/\">\n\n\t\t\t\t\t\t\t\t\t\t\t<span class=\"elementor-icon-list-text\">Home<\/span>\n\t\t\t\t\t\t\t\t\t\t\t<\/a>\n\t\t\t\t\t\t\t\t\t<\/li>\n\t\t\t\t\t\t<\/ul>\n\t\t\t\t\t\t<\/div>\n\t\t\t\t<\/div>\n\t\t\t\t\t<\/div>\n\t\t<\/div>\n\t\t\t\t\t<\/div>\n\t\t<\/section>\n\t\t\t\t<section class=\"elementor-section elementor-top-section elementor-element elementor-element-a331ba6 elementor-section-boxed elementor-section-height-default elementor-section-height-default\" data-id=\"a331ba6\" data-element_type=\"section\">\n\t\t\t\t\t\t<div class=\"elementor-container elementor-column-gap-no\">\n\t\t\t\t\t<div class=\"elementor-column elementor-col-100 elementor-top-column elementor-element elementor-element-9655015\" data-id=\"9655015\" data-element_type=\"column\">\n\t\t\t<div class=\"elementor-widget-wrap elementor-element-populated\">\n\t\t\t\t\t\t<div class=\"elementor-element elementor-element-06c5033 elementor-posts--align-center elementor-grid-3 elementor-grid-tablet-2 elementor-grid-mobile-1 elementor-posts--thumbnail-top elementor-widget elementor-widget-posts\" data-id=\"06c5033\" data-element_type=\"widget\" data-settings=\"{&quot;classic_row_gap_mobile&quot;:{&quot;unit&quot;:&quot;px&quot;,&quot;size&quot;:23,&quot;sizes&quot;:[]},&quot;pagination_type&quot;:&quot;numbers_and_prev_next&quot;,&quot;classic_row_gap&quot;:{&quot;unit&quot;:&quot;px&quot;,&quot;size&quot;:30,&quot;sizes&quot;:[]},&quot;classic_columns&quot;:&quot;3&quot;,&quot;classic_columns_tablet&quot;:&quot;2&quot;,&quot;classic_columns_mobile&quot;:&quot;1&quot;,&quot;classic_row_gap_tablet&quot;:{&quot;unit&quot;:&quot;px&quot;,&quot;size&quot;:&quot;&quot;,&quot;sizes&quot;:[]}}\" data-widget_type=\"posts.classic\">\n\t\t\t\t<div class=\"elementor-widget-container\">\n\t\t\t\t\t\t\t<div class=\"elementor-posts-container elementor-posts elementor-posts--skin-classic elementor-grid\">\n\t\t\t\t<article class=\"elementor-post elementor-grid-item post-91 post type-post status-publish format-standard has-post-thumbnail hentry category-church category-services\">\n\t\t\t\t<a class=\"elementor-post__thumbnail__link\" href=\"https:\/\/emberkekalapitvany.hu\/index.php\/2025\/05\/29\/morning-prayer\/\" tabindex=\"-1\" target=&quot;_blank&quot;>\n\t\t\t<div class=\"elementor-post__thumbnail\"><img fetchpriority=\"high\" decoding=\"async\" width=\"470\" height=\"330\" src=\"https:\/\/emberkekalapitvany.hu\/wp-content\/uploads\/2021\/10\/ben-white-1urNubNAQbI-unsplash-1.png\" class=\"attachment-full size-full wp-image-18\" alt=\"\" srcset=\"https:\/\/emberkekalapitvany.hu\/wp-content\/uploads\/2021\/10\/ben-white-1urNubNAQbI-unsplash-1.png 470w, https:\/\/emberkekalapitvany.hu\/wp-content\/uploads\/2021\/10\/ben-white-1urNubNAQbI-unsplash-1-300x211.png 300w\" sizes=\"(max-width: 470px) 100vw, 470px\" \/><\/div>\n\t\t<\/a>\n\t\t\t\t<div class=\"elementor-post__text\">\n\t\t\t\t<h3 class=\"elementor-post__title\">\n\t\t\t<a href=\"https:\/\/emberkekalapitvany.hu\/index.php\/2025\/05\/29\/morning-prayer\/\" target=&quot;_blank&quot;>\n\t\t\t\tMorning prayer\t\t\t<\/a>\n\t\t<\/h3>\n\t\t\t\t<div class=\"elementor-post__excerpt\">\n\t\t\t<p>We arrange our everyday morning prayer and serve God\u2019s guests in the church. <\/p>\n\t\t<\/div>\n\t\t\n\t\t<a class=\"elementor-post__read-more\" href=\"https:\/\/emberkekalapitvany.hu\/index.php\/2025\/05\/29\/morning-prayer\/\" aria-label=\"Read more about Morning prayer\" tabindex=\"-1\" target=\"_blank\">\n\t\t\tRead More\t\t<\/a>\n\n\t\t\t\t<\/div>\n\t\t\t\t<\/article>\n\t\t\t\t<article class=\"elementor-post elementor-grid-item post-92 post type-post status-publish format-standard has-post-thumbnail hentry category-church category-services\">\n\t\t\t\t<a class=\"elementor-post__thumbnail__link\" href=\"https:\/\/emberkekalapitvany.hu\/index.php\/2025\/05\/29\/mass\/\" tabindex=\"-1\" target=&quot;_blank&quot;>\n\t\t\t<div class=\"elementor-post__thumbnail\"><img decoding=\"async\" width=\"470\" height=\"330\" src=\"https:\/\/emberkekalapitvany.hu\/wp-content\/uploads\/2021\/10\/maria-oswalt-loxWC9cSEOU-unsplash-1.png\" class=\"attachment-full size-full wp-image-22\" alt=\"\" srcset=\"https:\/\/emberkekalapitvany.hu\/wp-content\/uploads\/2021\/10\/maria-oswalt-loxWC9cSEOU-unsplash-1.png 470w, https:\/\/emberkekalapitvany.hu\/wp-content\/uploads\/2021\/10\/maria-oswalt-loxWC9cSEOU-unsplash-1-300x211.png 300w\" sizes=\"(max-width: 470px) 100vw, 470px\" \/><\/div>\n\t\t<\/a>\n\t\t\t\t<div class=\"elementor-post__text\">\n\t\t\t\t<h3 class=\"elementor-post__title\">\n\t\t\t<a href=\"https:\/\/emberkekalapitvany.hu\/index.php\/2025\/05\/29\/mass\/\" target=&quot;_blank&quot;>\n\t\t\t\tSunday Services\t\t\t<\/a>\n\t\t<\/h3>\n\t\t\t\t<div class=\"elementor-post__excerpt\">\n\t\t\t<p>Our Sunday services include a fun, giving and life-saving environment with prayer in peace. <\/p>\n\t\t<\/div>\n\t\t\n\t\t<a class=\"elementor-post__read-more\" href=\"https:\/\/emberkekalapitvany.hu\/index.php\/2025\/05\/29\/mass\/\" aria-label=\"Read more about Sunday Services\" tabindex=\"-1\" target=\"_blank\">\n\t\t\tRead More\t\t<\/a>\n\n\t\t\t\t<\/div>\n\t\t\t\t<\/article>\n\t\t\t\t<article class=\"elementor-post elementor-grid-item post-93 post type-post status-publish format-standard has-post-thumbnail hentry category-church category-services\">\n\t\t\t\t<a class=\"elementor-post__thumbnail__link\" href=\"https:\/\/emberkekalapitvany.hu\/index.php\/2025\/05\/29\/sunday-services\/\" tabindex=\"-1\" target=&quot;_blank&quot;>\n\t\t\t<div class=\"elementor-post__thumbnail\"><img decoding=\"async\" width=\"470\" height=\"330\" src=\"https:\/\/emberkekalapitvany.hu\/wp-content\/uploads\/2021\/10\/diana-polekhina-53m8pcXQQE4-unsplash-2.png\" class=\"attachment-full size-full wp-image-19\" alt=\"\" srcset=\"https:\/\/emberkekalapitvany.hu\/wp-content\/uploads\/2021\/10\/diana-polekhina-53m8pcXQQE4-unsplash-2.png 470w, https:\/\/emberkekalapitvany.hu\/wp-content\/uploads\/2021\/10\/diana-polekhina-53m8pcXQQE4-unsplash-2-300x211.png 300w\" sizes=\"(max-width: 470px) 100vw, 470px\" \/><\/div>\n\t\t<\/a>\n\t\t\t\t<div class=\"elementor-post__text\">\n\t\t\t\t<h3 class=\"elementor-post__title\">\n\t\t\t<a href=\"https:\/\/emberkekalapitvany.hu\/index.php\/2025\/05\/29\/sunday-services\/\" target=&quot;_blank&quot;>\n\t\t\t\tChristian Wedding\t\t\t<\/a>\n\t\t<\/h3>\n\t\t\t\t<div class=\"elementor-post__excerpt\">\n\t\t\t<p>We let you arrange Christian weddings in our premises as you like based on pre-booking. <\/p>\n\t\t<\/div>\n\t\t\n\t\t<a class=\"elementor-post__read-more\" href=\"https:\/\/emberkekalapitvany.hu\/index.php\/2025\/05\/29\/sunday-services\/\" aria-label=\"Read more about Christian Wedding\" tabindex=\"-1\" target=\"_blank\">\n\t\t\tRead More\t\t<\/a>\n\n\t\t\t\t<\/div>\n\t\t\t\t<\/article>\n\t\t\t\t<article class=\"elementor-post elementor-grid-item post-94 post type-post status-publish format-standard has-post-thumbnail hentry category-church category-services\">\n\t\t\t\t<a class=\"elementor-post__thumbnail__link\" href=\"https:\/\/emberkekalapitvany.hu\/index.php\/2025\/05\/29\/wedding\/\" tabindex=\"-1\" target=&quot;_blank&quot;>\n\t\t\t<div class=\"elementor-post__thumbnail\"><img loading=\"lazy\" decoding=\"async\" width=\"470\" height=\"330\" src=\"https:\/\/emberkekalapitvany.hu\/wp-content\/uploads\/2021\/10\/drew-coffman-llWjwo200fo-unsplash-1.png\" class=\"attachment-full size-full wp-image-20\" alt=\"\" srcset=\"https:\/\/emberkekalapitvany.hu\/wp-content\/uploads\/2021\/10\/drew-coffman-llWjwo200fo-unsplash-1.png 470w, https:\/\/emberkekalapitvany.hu\/wp-content\/uploads\/2021\/10\/drew-coffman-llWjwo200fo-unsplash-1-300x211.png 300w\" sizes=\"(max-width: 470px) 100vw, 470px\" \/><\/div>\n\t\t<\/a>\n\t\t\t\t<div class=\"elementor-post__text\">\n\t\t\t\t<h3 class=\"elementor-post__title\">\n\t\t\t<a href=\"https:\/\/emberkekalapitvany.hu\/index.php\/2025\/05\/29\/wedding\/\" target=&quot;_blank&quot;>\n\t\t\t\tSocial Work\t\t\t<\/a>\n\t\t<\/h3>\n\t\t\t\t<div class=\"elementor-post__excerpt\">\n\t\t\t<p>We organize social work and take regular donations to smoothly conduct it. <\/p>\n\t\t<\/div>\n\t\t\n\t\t<a class=\"elementor-post__read-more\" href=\"https:\/\/emberkekalapitvany.hu\/index.php\/2025\/05\/29\/wedding\/\" aria-label=\"Read more about Social Work\" tabindex=\"-1\" target=\"_blank\">\n\t\t\tRead More\t\t<\/a>\n\n\t\t\t\t<\/div>\n\t\t\t\t<\/article>\n\t\t\t\t<article class=\"elementor-post elementor-grid-item post-95 post type-post status-publish format-standard has-post-thumbnail hentry category-church category-services\">\n\t\t\t\t<a class=\"elementor-post__thumbnail__link\" href=\"https:\/\/emberkekalapitvany.hu\/index.php\/2025\/05\/29\/funerals\/\" tabindex=\"-1\" target=&quot;_blank&quot;>\n\t\t\t<div class=\"elementor-post__thumbnail\"><img loading=\"lazy\" decoding=\"async\" width=\"470\" height=\"330\" src=\"https:\/\/emberkekalapitvany.hu\/wp-content\/uploads\/2021\/10\/tanner-ross-Jq9lR3AvWGs-unsplash-1.png\" class=\"attachment-full size-full wp-image-23\" alt=\"\" srcset=\"https:\/\/emberkekalapitvany.hu\/wp-content\/uploads\/2021\/10\/tanner-ross-Jq9lR3AvWGs-unsplash-1.png 470w, https:\/\/emberkekalapitvany.hu\/wp-content\/uploads\/2021\/10\/tanner-ross-Jq9lR3AvWGs-unsplash-1-300x211.png 300w\" sizes=\"(max-width: 470px) 100vw, 470px\" \/><\/div>\n\t\t<\/a>\n\t\t\t\t<div class=\"elementor-post__text\">\n\t\t\t\t<h3 class=\"elementor-post__title\">\n\t\t\t<a href=\"https:\/\/emberkekalapitvany.hu\/index.php\/2025\/05\/29\/funerals\/\" target=&quot;_blank&quot;>\n\t\t\t\tFunerals\t\t\t<\/a>\n\t\t<\/h3>\n\t\t\t\t<div class=\"elementor-post__excerpt\">\n\t\t\t<p>We arrange a spiritual funeral program for all the Christian souls and a well-maintained cemetery. <\/p>\n\t\t<\/div>\n\t\t\n\t\t<a class=\"elementor-post__read-more\" href=\"https:\/\/emberkekalapitvany.hu\/index.php\/2025\/05\/29\/funerals\/\" aria-label=\"Read more about Funerals\" tabindex=\"-1\" target=\"_blank\">\n\t\t\tRead More\t\t<\/a>\n\n\t\t\t\t<\/div>\n\t\t\t\t<\/article>\n\t\t\t\t<article class=\"elementor-post elementor-grid-item post-96 post type-post status-publish format-standard has-post-thumbnail hentry category-church category-services\">\n\t\t\t\t<a class=\"elementor-post__thumbnail__link\" href=\"https:\/\/emberkekalapitvany.hu\/index.php\/2025\/05\/29\/baptisms\/\" tabindex=\"-1\" target=&quot;_blank&quot;>\n\t\t\t<div class=\"elementor-post__thumbnail\"><img loading=\"lazy\" decoding=\"async\" width=\"470\" height=\"330\" src=\"https:\/\/emberkekalapitvany.hu\/wp-content\/uploads\/2021\/10\/josh-applegate-mjn1LcoU1Cw-unsplash-1.png\" class=\"attachment-full size-full wp-image-21\" alt=\"\" srcset=\"https:\/\/emberkekalapitvany.hu\/wp-content\/uploads\/2021\/10\/josh-applegate-mjn1LcoU1Cw-unsplash-1.png 470w, https:\/\/emberkekalapitvany.hu\/wp-content\/uploads\/2021\/10\/josh-applegate-mjn1LcoU1Cw-unsplash-1-300x211.png 300w\" sizes=\"(max-width: 470px) 100vw, 470px\" \/><\/div>\n\t\t<\/a>\n\t\t\t\t<div class=\"elementor-post__text\">\n\t\t\t\t<h3 class=\"elementor-post__title\">\n\t\t\t<a href=\"https:\/\/emberkekalapitvany.hu\/index.php\/2025\/05\/29\/baptisms\/\" target=&quot;_blank&quot;>\n\t\t\t\tBaptisms\t\t\t<\/a>\n\t\t<\/h3>\n\t\t\t\t<div class=\"elementor-post__excerpt\">\n\t\t\t<p>We arrange a child baptism ceremony every week to bring our children near to God. <\/p>\n\t\t<\/div>\n\t\t\n\t\t<a class=\"elementor-post__read-more\" href=\"https:\/\/emberkekalapitvany.hu\/index.php\/2025\/05\/29\/baptisms\/\" aria-label=\"Read more about Baptisms\" tabindex=\"-1\" target=\"_blank\">\n\t\t\tRead More\t\t<\/a>\n\n\t\t\t\t<\/div>\n\t\t\t\t<\/article>\n\t\t\t\t<\/div>\n\t\t\n\t\t\t\t\t\t<\/div>\n\t\t\t\t<\/div>\n\t\t\t\t\t<\/div>\n\t\t<\/div>\n\t\t\t\t\t<\/div>\n\t\t<\/section>\n\t\t\t\t<section class=\"elementor-section elementor-top-section elementor-element elementor-element-b46efd0 elementor-section-boxed elementor-section-height-default elementor-section-height-default\" data-id=\"b46efd0\" data-element_type=\"section\">\n\t\t\t\t\t\t<div class=\"elementor-container elementor-column-gap-no\">\n\t\t\t\t\t<div class=\"elementor-column elementor-col-100 elementor-top-column elementor-element elementor-element-6dcc777\" data-id=\"6dcc777\" data-element_type=\"column\" data-settings=\"{&quot;background_background&quot;:&quot;classic&quot;}\">\n\t\t\t<div class=\"elementor-widget-wrap elementor-element-populated\">\n\t\t\t\t\t\t<section class=\"elementor-section elementor-inner-section elementor-element elementor-element-8411aeb elementor-section-full_width elementor-section-height-default elementor-section-height-default\" data-id=\"8411aeb\" data-element_type=\"section\">\n\t\t\t\t\t\t<div class=\"elementor-container elementor-column-gap-no\">\n\t\t\t\t\t<div class=\"elementor-column elementor-col-100 elementor-inner-column elementor-element elementor-element-6e09590\" data-id=\"6e09590\" data-element_type=\"column\">\n\t\t\t<div class=\"elementor-widget-wrap elementor-element-populated\">\n\t\t\t\t\t\t<div class=\"elementor-element elementor-element-485ffd4 elementor-widget elementor-widget-heading\" data-id=\"485ffd4\" data-element_type=\"widget\" data-widget_type=\"heading.default\">\n\t\t\t\t<div class=\"elementor-widget-container\">\n\t\t\t\t\t<h2 class=\"elementor-heading-title elementor-size-default\">Want To Support Our Cause?<\/h2>\t\t\t\t<\/div>\n\t\t\t\t<\/div>\n\t\t\t\t\t<\/div>\n\t\t<\/div>\n\t\t\t\t\t<\/div>\n\t\t<\/section>\n\t\t\t\t\t<\/div>\n\t\t<\/div>\n\t\t\t\t\t<\/div>\n\t\t<\/section>\n\t\t\t\t<\/div>\n\t\t","protected":false},"excerpt":{"rendered":"<p>services Home Want To Support Our Cause?<\/p>\n","protected":false},"author":1,"featured_media":0,"parent":0,"menu_order":0,"comment_status":"closed","ping_status":"closed","template":"elementor_header_footer","meta":{"footnotes":""},"class_list":["post-73","page","type-page","status-publish","hentry"],"yoast_head":"<!-- This site is optimized with the Yoast SEO plugin v25.2 - https:\/\/yoast.com\/wordpress\/plugins\/seo\/ -->\n<title>Divine Grace Services - Emberk\u00e9k Alap\u00edtv\u00e1ny<\/title>\n<meta name=\"robots\" content=\"index, follow, max-snippet:-1, max-image-preview:large, max-video-preview:-1\" \/>\n<link rel=\"canonical\" href=\"https:\/\/emberkekalapitvany.hu\/index.php\/divine-grace-services\/\" \/>\n<meta property=\"og:locale\" content=\"hu_HU\" \/>\n<meta property=\"og:type\" content=\"article\" \/>\n<meta property=\"og:title\" content=\"Divine Grace Services - Emberk\u00e9k Alap\u00edtv\u00e1ny\" \/>\n<meta property=\"og:description\" content=\"services Home Want To Support Our Cause?\" \/>\n<meta property=\"og:url\" content=\"https:\/\/emberkekalapitvany.hu\/index.php\/divine-grace-services\/\" \/>\n<meta property=\"og:site_name\" content=\"Emberk\u00e9k Alap\u00edtv\u00e1ny\" \/>\n<meta property=\"article:modified_time\" content=\"2025-05-29T12:24:13+00:00\" \/>\n<meta name=\"twitter:card\" content=\"summary_large_image\" \/>\n<script type=\"application\/ld+json\" class=\"yoast-schema-graph\">{\"@context\":\"https:\/\/schema.org\",\"@graph\":[{\"@type\":\"WebPage\",\"@id\":\"https:\/\/emberkekalapitvany.hu\/index.php\/divine-grace-services\/\",\"url\":\"https:\/\/emberkekalapitvany.hu\/index.php\/divine-grace-services\/\",\"name\":\"Divine Grace Services - Emberk\u00e9k Alap\u00edtv\u00e1ny\",\"isPartOf\":{\"@id\":\"https:\/\/emberkekalapitvany.hu\/#website\"},\"datePublished\":\"2025-05-29T12:23:51+00:00\",\"dateModified\":\"2025-05-29T12:24:13+00:00\",\"breadcrumb\":{\"@id\":\"https:\/\/emberkekalapitvany.hu\/index.php\/divine-grace-services\/#breadcrumb\"},\"inLanguage\":\"hu\",\"potentialAction\":[{\"@type\":\"ReadAction\",\"target\":[\"https:\/\/emberkekalapitvany.hu\/index.php\/divine-grace-services\/\"]}]},{\"@type\":\"BreadcrumbList\",\"@id\":\"https:\/\/emberkekalapitvany.hu\/index.php\/divine-grace-services\/#breadcrumb\",\"itemListElement\":[{\"@type\":\"ListItem\",\"position\":1,\"name\":\"Kezd\u0151lap\",\"item\":\"https:\/\/emberkekalapitvany.hu\/\"},{\"@type\":\"ListItem\",\"position\":2,\"name\":\"Divine Grace Services\"}]},{\"@type\":\"WebSite\",\"@id\":\"https:\/\/emberkekalapitvany.hu\/#website\",\"url\":\"https:\/\/emberkekalapitvany.hu\/\",\"name\":\"Emberk\u00e9k Alap\u00edtv\u00e1ny\",\"description\":\"Emberk\u00e9k Alap\u00edtv\u00e1ny\",\"publisher\":{\"@id\":\"https:\/\/emberkekalapitvany.hu\/#organization\"},\"potentialAction\":[{\"@type\":\"SearchAction\",\"target\":{\"@type\":\"EntryPoint\",\"urlTemplate\":\"https:\/\/emberkekalapitvany.hu\/?s={search_term_string}\"},\"query-input\":{\"@type\":\"PropertyValueSpecification\",\"valueRequired\":true,\"valueName\":\"search_term_string\"}}],\"inLanguage\":\"hu\"},{\"@type\":\"Organization\",\"@id\":\"https:\/\/emberkekalapitvany.hu\/#organization\",\"name\":\"Emberk\u00e9k Alap\u00edtv\u00e1ny\",\"url\":\"https:\/\/emberkekalapitvany.hu\/\",\"logo\":{\"@type\":\"ImageObject\",\"inLanguage\":\"hu\",\"@id\":\"https:\/\/emberkekalapitvany.hu\/#\/schema\/logo\/image\/\",\"url\":\"https:\/\/emberkekalapitvany.hu\/wp-content\/uploads\/2025\/05\/emberkek-logo_color_without-elipse.png\",\"contentUrl\":\"https:\/\/emberkekalapitvany.hu\/wp-content\/uploads\/2025\/05\/emberkek-logo_color_without-elipse.png\",\"width\":1080,\"height\":1080,\"caption\":\"Emberk\u00e9k Alap\u00edtv\u00e1ny\"},\"image\":{\"@id\":\"https:\/\/emberkekalapitvany.hu\/#\/schema\/logo\/image\/\"}}]}<\/script>\n<!-- \/ Yoast SEO plugin. -->","yoast_head_json":{"title":"Divine Grace Services - Emberk\u00e9k Alap\u00edtv\u00e1ny","robots":{"index":"index","follow":"follow","max-snippet":"max-snippet:-1","max-image-preview":"max-image-preview:large","max-video-preview":"max-video-preview:-1"},"canonical":"https:\/\/emberkekalapitvany.hu\/index.php\/divine-grace-services\/","og_locale":"hu_HU","og_type":"article","og_title":"Divine Grace Services - Emberk\u00e9k Alap\u00edtv\u00e1ny","og_description":"services Home Want To Support Our Cause?","og_url":"https:\/\/emberkekalapitvany.hu\/index.php\/divine-grace-services\/","og_site_name":"Emberk\u00e9k Alap\u00edtv\u00e1ny","article_modified_time":"2025-05-29T12:24:13+00:00","twitter_card":"summary_large_image","schema":{"@context":"https:\/\/schema.org","@graph":[{"@type":"WebPage","@id":"https:\/\/emberkekalapitvany.hu\/index.php\/divine-grace-services\/","url":"https:\/\/emberkekalapitvany.hu\/index.php\/divine-grace-services\/","name":"Divine Grace Services - Emberk\u00e9k Alap\u00edtv\u00e1ny","isPartOf":{"@id":"https:\/\/emberkekalapitvany.hu\/#website"},"datePublished":"2025-05-29T12:23:51+00:00","dateModified":"2025-05-29T12:24:13+00:00","breadcrumb":{"@id":"https:\/\/emberkekalapitvany.hu\/index.php\/divine-grace-services\/#breadcrumb"},"inLanguage":"hu","potentialAction":[{"@type":"ReadAction","target":["https:\/\/emberkekalapitvany.hu\/index.php\/divine-grace-services\/"]}]},{"@type":"BreadcrumbList","@id":"https:\/\/emberkekalapitvany.hu\/index.php\/divine-grace-services\/#breadcrumb","itemListElement":[{"@type":"ListItem","position":1,"name":"Kezd\u0151lap","item":"https:\/\/emberkekalapitvany.hu\/"},{"@type":"ListItem","position":2,"name":"Divine Grace Services"}]},{"@type":"WebSite","@id":"https:\/\/emberkekalapitvany.hu\/#website","url":"https:\/\/emberkekalapitvany.hu\/","name":"Emberk\u00e9k Alap\u00edtv\u00e1ny","description":"Emberk\u00e9k Alap\u00edtv\u00e1ny","publisher":{"@id":"https:\/\/emberkekalapitvany.hu\/#organization"},"potentialAction":[{"@type":"SearchAction","target":{"@type":"EntryPoint","urlTemplate":"https:\/\/emberkekalapitvany.hu\/?s={search_term_string}"},"query-input":{"@type":"PropertyValueSpecification","valueRequired":true,"valueName":"search_term_string"}}],"inLanguage":"hu"},{"@type":"Organization","@id":"https:\/\/emberkekalapitvany.hu\/#organization","name":"Emberk\u00e9k Alap\u00edtv\u00e1ny","url":"https:\/\/emberkekalapitvany.hu\/","logo":{"@type":"ImageObject","inLanguage":"hu","@id":"https:\/\/emberkekalapitvany.hu\/#\/schema\/logo\/image\/","url":"https:\/\/emberkekalapitvany.hu\/wp-content\/uploads\/2025\/05\/emberkek-logo_color_without-elipse.png","contentUrl":"https:\/\/emberkekalapitvany.hu\/wp-content\/uploads\/2025\/05\/emberkek-logo_color_without-elipse.png","width":1080,"height":1080,"caption":"Emberk\u00e9k Alap\u00edtv\u00e1ny"},"image":{"@id":"https:\/\/emberkekalapitvany.hu\/#\/schema\/logo\/image\/"}}]}},"_links":{"self":[{"href":"https:\/\/emberkekalapitvany.hu\/index.php\/wp-json\/wp\/v2\/pages\/73","targetHints":{"allow":["GET"]}}],"collection":[{"href":"https:\/\/emberkekalapitvany.hu\/index.php\/wp-json\/wp\/v2\/pages"}],"about":[{"href":"https:\/\/emberkekalapitvany.hu\/index.php\/wp-json\/wp\/v2\/types\/page"}],"author":[{"embeddable":true,"href":"https:\/\/emberkekalapitvany.hu\/index.php\/wp-json\/wp\/v2\/users\/1"}],"replies":[{"embeddable":true,"href":"https:\/\/emberkekalapitvany.hu\/index.php\/wp-json\/wp\/v2\/comments?post=73"}],"version-history":[{"count":4,"href":"https:\/\/emberkekalapitvany.hu\/index.php\/wp-json\/wp\/v2\/pages\/73\/revisions"}],"predecessor-version":[{"id":127,"href":"https:\/\/emberkekalapitvany.hu\/index.php\/wp-json\/wp\/v2\/pages\/73\/revisions\/127"}],"wp:attachment":[{"href":"https:\/\/emberkekalapitvany.hu\/index.php\/wp-json\/wp\/v2\/media?parent=73"}],"curies":[{"name":"wp","href":"https:\/\/api.w.org\/{rel}","templated":true}]}}