{"id":76,"date":"2025-05-29T12:23:51","date_gmt":"2025-05-29T12:23:51","guid":{"rendered":"https:\/\/emberkekalapitvany.hu\/index.php\/divine-grace-service-single\/"},"modified":"2025-05-29T12:24:13","modified_gmt":"2025-05-29T12:24:13","slug":"divine-grace-service-single","status":"publish","type":"page","link":"https:\/\/emberkekalapitvany.hu\/index.php\/divine-grace-service-single\/","title":{"rendered":"Divine Grace Service Single"},"content":{"rendered":"\t\t<div data-elementor-type=\"wp-page\" data-elementor-id=\"76\" class=\"elementor elementor-76\" data-elementor-post-type=\"page\">\n\t\t\t\t\t\t<section class=\"elementor-section elementor-top-section elementor-element elementor-element-509973e elementor-section-boxed elementor-section-height-default elementor-section-height-default\" data-id=\"509973e\" data-element_type=\"section\">\n\t\t\t\t\t\t<div class=\"elementor-container elementor-column-gap-no\">\n\t\t\t\t\t<div class=\"elementor-column elementor-col-100 elementor-top-column elementor-element elementor-element-69d0725\" data-id=\"69d0725\" data-element_type=\"column\" data-settings=\"{&quot;background_background&quot;:&quot;gradient&quot;}\">\n\t\t\t<div class=\"elementor-widget-wrap elementor-element-populated\">\n\t\t\t\t\t\t<div class=\"elementor-element elementor-element-0a4e446 elementor-widget elementor-widget-heading\" data-id=\"0a4e446\" data-element_type=\"widget\" data-widget_type=\"heading.default\">\n\t\t\t\t<div class=\"elementor-widget-container\">\n\t\t\t\t\t<h1 class=\"elementor-heading-title elementor-size-default\">morning prayer<\/h1>\t\t\t\t<\/div>\n\t\t\t\t<\/div>\n\t\t\t\t<div class=\"elementor-element elementor-element-a13b5f8 elementor-icon-list--layout-inline elementor-align-center elementor-list-item-link-full_width elementor-widget elementor-widget-icon-list\" data-id=\"a13b5f8\" data-element_type=\"widget\" data-widget_type=\"icon-list.default\">\n\t\t\t\t<div class=\"elementor-widget-container\">\n\t\t\t\t\t\t\t<ul class=\"elementor-icon-list-items elementor-inline-items\">\n\t\t\t\t\t\t\t<li class=\"elementor-icon-list-item elementor-inline-item\">\n\t\t\t\t\t\t\t\t\t\t\t<a href=\"https:\/\/demo.templately.com\/divine-grace-home\/\">\n\n\t\t\t\t\t\t\t\t\t\t\t<span class=\"elementor-icon-list-text\">Home<\/span>\n\t\t\t\t\t\t\t\t\t\t\t<\/a>\n\t\t\t\t\t\t\t\t\t<\/li>\n\t\t\t\t\t\t\t\t<li class=\"elementor-icon-list-item elementor-inline-item\">\n\t\t\t\t\t\t\t\t\t\t\t<a href=\"https:\/\/demo.templately.com\/divine-grace-home\/divine-grace-services\/\">\n\n\t\t\t\t\t\t\t\t\t\t\t\t<span class=\"elementor-icon-list-icon\">\n\t\t\t\t\t\t\t<svg aria-hidden=\"true\" class=\"e-font-icon-svg e-far-arrow-alt-circle-right\" viewBox=\"0 0 512 512\" xmlns=\"http:\/\/www.w3.org\/2000\/svg\"><path d=\"M504 256C504 119 393 8 256 8S8 119 8 256s111 248 248 248 248-111 248-248zm-448 0c0-110.5 89.5-200 200-200s200 89.5 200 200-89.5 200-200 200S56 366.5 56 256zm72 20v-40c0-6.6 5.4-12 12-12h116v-67c0-10.7 12.9-16 20.5-8.5l99 99c4.7 4.7 4.7 12.3 0 17l-99 99c-7.6 7.6-20.5 2.2-20.5-8.5v-67H140c-6.6 0-12-5.4-12-12z\"><\/path><\/svg>\t\t\t\t\t\t<\/span>\n\t\t\t\t\t\t\t\t\t\t<span class=\"elementor-icon-list-text\">Services<\/span>\n\t\t\t\t\t\t\t\t\t\t\t<\/a>\n\t\t\t\t\t\t\t\t\t<\/li>\n\t\t\t\t\t\t\t\t<li class=\"elementor-icon-list-item elementor-inline-item\">\n\t\t\t\t\t\t\t\t\t\t\t<span class=\"elementor-icon-list-icon\">\n\t\t\t\t\t\t\t<svg aria-hidden=\"true\" class=\"e-font-icon-svg e-far-arrow-alt-circle-right\" viewBox=\"0 0 512 512\" xmlns=\"http:\/\/www.w3.org\/2000\/svg\"><path d=\"M504 256C504 119 393 8 256 8S8 119 8 256s111 248 248 248 248-111 248-248zm-448 0c0-110.5 89.5-200 200-200s200 89.5 200 200-89.5 200-200 200S56 366.5 56 256zm72 20v-40c0-6.6 5.4-12 12-12h116v-67c0-10.7 12.9-16 20.5-8.5l99 99c4.7 4.7 4.7 12.3 0 17l-99 99c-7.6 7.6-20.5 2.2-20.5-8.5v-67H140c-6.6 0-12-5.4-12-12z\"><\/path><\/svg>\t\t\t\t\t\t<\/span>\n\t\t\t\t\t\t\t\t\t\t<span class=\"elementor-icon-list-text\">service single<\/span>\n\t\t\t\t\t\t\t\t\t<\/li>\n\t\t\t\t\t\t<\/ul>\n\t\t\t\t\t\t<\/div>\n\t\t\t\t<\/div>\n\t\t\t\t\t<\/div>\n\t\t<\/div>\n\t\t\t\t\t<\/div>\n\t\t<\/section>\n\t\t\t\t<section class=\"elementor-section elementor-top-section elementor-element elementor-element-ba151fa elementor-section-boxed elementor-section-height-default elementor-section-height-default\" data-id=\"ba151fa\" data-element_type=\"section\">\n\t\t\t\t\t\t<div class=\"elementor-container elementor-column-gap-no\">\n\t\t\t\t\t<div class=\"elementor-column elementor-col-33 elementor-top-column elementor-element elementor-element-6069624\" data-id=\"6069624\" data-element_type=\"column\">\n\t\t\t<div class=\"elementor-widget-wrap elementor-element-populated\">\n\t\t\t\t\t\t<div class=\"elementor-element elementor-element-196a1f8 animated-slow eael-infobox-shape-square eael-infobox-hover-img-shape-square elementor-invisible elementor-widget elementor-widget-eael-info-box\" data-id=\"196a1f8\" data-element_type=\"widget\" data-settings=\"{&quot;_animation&quot;:&quot;fadeInUp&quot;,&quot;_animation_delay&quot;:300}\" data-widget_type=\"eael-info-box.default\">\n\t\t\t\t<div class=\"elementor-widget-container\">\n\t\t\t\t\t        <div class=\"eael-infobox icon-on-left\">\n\t            <div class=\"infobox-icon\">\n\n                            <img decoding=\"async\" src=\"https:\/\/emberkekalapitvany.hu\/wp-content\/uploads\/2024\/03\/Group-1051.png\" alt=\"\">\n            \n            \n            \n        <\/div>\n            <div class=\"infobox-content\">\n                    <div class=\"infobox-title-section\">\n                <h3 class=\"title\">Praise &amp; worship<\/h3>            <\/div>\n            <div><p>Join us every Sunday at 10:00 am to praise God and worship together to come closer to Him.<\/p><\/div>        <\/div>\n            <\/div>\n\n\t\t\t\t\t\t<\/div>\n\t\t\t\t<\/div>\n\t\t\t\t\t<\/div>\n\t\t<\/div>\n\t\t\t\t<div class=\"elementor-column elementor-col-33 elementor-top-column elementor-element elementor-element-fc54c90\" data-id=\"fc54c90\" data-element_type=\"column\">\n\t\t\t<div class=\"elementor-widget-wrap elementor-element-populated\">\n\t\t\t\t\t\t<div class=\"elementor-element elementor-element-7e7eb13 animated-slow eael-infobox-shape-square eael-infobox-hover-img-shape-square elementor-invisible elementor-widget elementor-widget-eael-info-box\" data-id=\"7e7eb13\" data-element_type=\"widget\" data-settings=\"{&quot;_animation&quot;:&quot;fadeInUp&quot;,&quot;_animation_delay&quot;:600}\" data-widget_type=\"eael-info-box.default\">\n\t\t\t\t<div class=\"elementor-widget-container\">\n\t\t\t\t\t        <div class=\"eael-infobox icon-on-left\">\n\t            <div class=\"infobox-icon\">\n\n                            <img decoding=\"async\" src=\"https:\/\/emberkekalapitvany.hu\/wp-content\/uploads\/2024\/03\/Group-1052-1.png\" alt=\"\">\n            \n            \n            \n        <\/div>\n            <div class=\"infobox-content\">\n                    <div class=\"infobox-title-section\">\n                <h3 class=\"title\">Plan Your Visit<\/h3>            <\/div>\n            <div><p>Come to the church on Sunday to pray and visit the church. Pre-book your seat for the day.<\/p><\/div>        <\/div>\n            <\/div>\n\n\t\t\t\t\t\t<\/div>\n\t\t\t\t<\/div>\n\t\t\t\t\t<\/div>\n\t\t<\/div>\n\t\t\t\t<div class=\"elementor-column elementor-col-33 elementor-top-column elementor-element elementor-element-71b1bfe\" data-id=\"71b1bfe\" data-element_type=\"column\">\n\t\t\t<div class=\"elementor-widget-wrap elementor-element-populated\">\n\t\t\t\t\t\t<div class=\"elementor-element elementor-element-ca87a78 animated-slow eael-infobox-shape-square eael-infobox-hover-img-shape-square elementor-invisible elementor-widget elementor-widget-eael-info-box\" data-id=\"ca87a78\" data-element_type=\"widget\" data-settings=\"{&quot;_animation&quot;:&quot;fadeInUp&quot;,&quot;_animation_delay&quot;:900}\" data-widget_type=\"eael-info-box.default\">\n\t\t\t\t<div class=\"elementor-widget-container\">\n\t\t\t\t\t        <div class=\"eael-infobox icon-on-left\">\n\t            <div class=\"infobox-icon\">\n\n                            <img decoding=\"async\" src=\"https:\/\/emberkekalapitvany.hu\/wp-content\/uploads\/2024\/03\/Group-105-32.png\" alt=\"\">\n            \n            \n            \n        <\/div>\n            <div class=\"infobox-content\">\n                    <div class=\"infobox-title-section\">\n                <h3 class=\"title\">Join A Group<\/h3>            <\/div>\n            <div><p>Find the most compelling group for you to share your experience with people and come closer to God.<\/p><\/div>        <\/div>\n            <\/div>\n\n\t\t\t\t\t\t<\/div>\n\t\t\t\t<\/div>\n\t\t\t\t\t<\/div>\n\t\t<\/div>\n\t\t\t\t\t<\/div>\n\t\t<\/section>\n\t\t\t\t<section class=\"elementor-section elementor-top-section elementor-element elementor-element-895c616 elementor-section-content-middle elementor-section-boxed elementor-section-height-default elementor-section-height-default\" data-id=\"895c616\" data-element_type=\"section\">\n\t\t\t\t\t\t<div class=\"elementor-container elementor-column-gap-no\">\n\t\t\t\t\t<div class=\"elementor-column elementor-col-50 elementor-top-column elementor-element elementor-element-abbc33e\" data-id=\"abbc33e\" data-element_type=\"column\">\n\t\t\t<div class=\"elementor-widget-wrap elementor-element-populated\">\n\t\t\t\t\t\t<div class=\"elementor-element elementor-element-ba7fc44 animated-slow elementor-invisible elementor-widget elementor-widget-image\" data-id=\"ba7fc44\" data-element_type=\"widget\" data-settings=\"{&quot;_animation&quot;:&quot;fadeInUp&quot;}\" data-widget_type=\"image.default\">\n\t\t\t\t<div class=\"elementor-widget-container\">\n\t\t\t\t\t\t\t\t\t\t\t\t\t\t\t<img fetchpriority=\"high\" decoding=\"async\" width=\"700\" height=\"800\" src=\"https:\/\/emberkekalapitvany.hu\/wp-content\/uploads\/2024\/03\/Mask-Group-7.png\" class=\"attachment-full size-full wp-image-51\" alt=\"\" srcset=\"https:\/\/emberkekalapitvany.hu\/wp-content\/uploads\/2024\/03\/Mask-Group-7.png 700w, https:\/\/emberkekalapitvany.hu\/wp-content\/uploads\/2024\/03\/Mask-Group-7-263x300.png 263w\" sizes=\"(max-width: 700px) 100vw, 700px\" \/>\t\t\t\t\t\t\t\t\t\t\t\t\t\t\t<\/div>\n\t\t\t\t<\/div>\n\t\t\t\t\t<\/div>\n\t\t<\/div>\n\t\t\t\t<div class=\"elementor-column elementor-col-50 elementor-top-column elementor-element elementor-element-71adb45\" data-id=\"71adb45\" data-element_type=\"column\">\n\t\t\t<div class=\"elementor-widget-wrap elementor-element-populated\">\n\t\t\t\t\t\t<div class=\"elementor-element elementor-element-7cdd211 elementor-widget elementor-widget-heading\" data-id=\"7cdd211\" data-element_type=\"widget\" data-widget_type=\"heading.default\">\n\t\t\t\t<div class=\"elementor-widget-container\">\n\t\t\t\t\t<h2 class=\"elementor-heading-title elementor-size-default\">Morning Prayer Service<\/h2>\t\t\t\t<\/div>\n\t\t\t\t<\/div>\n\t\t\t\t<div class=\"elementor-element elementor-element-d5d2e65 elementor-widget elementor-widget-heading\" data-id=\"d5d2e65\" data-element_type=\"widget\" data-widget_type=\"heading.default\">\n\t\t\t\t<div class=\"elementor-widget-container\">\n\t\t\t\t\t<p class=\"elementor-heading-title elementor-size-default\">Every morning, take a quiet and spiritual journey with God to strengthen your relationship with Him and elevate your life. Respond to God's sermon and allow us to assist you in becoming a true Christian.<\/p>\t\t\t\t<\/div>\n\t\t\t\t<\/div>\n\t\t\t\t<div class=\"elementor-element elementor-element-c062f6b elementor-widget elementor-widget-heading\" data-id=\"c062f6b\" data-element_type=\"widget\" data-widget_type=\"heading.default\">\n\t\t\t\t<div class=\"elementor-widget-container\">\n\t\t\t\t\t<p class=\"elementor-heading-title elementor-size-default\">We believe it\u2019s important to have a new members\u2019 class at every church. These classes are supposed to be designed to give you a greater understanding of the principles, scriptural and spiritual guidelines that a community follows. The lessons are being outlined progressively in order to help with your knowledge of our church, as well as of who The God is, what He\nteaches us and how you can praise His Name and Word.<\/p>\t\t\t\t<\/div>\n\t\t\t\t<\/div>\n\t\t\t\t<div class=\"elementor-element elementor-element-e3e3663 elementor-tablet-align-center elementor-widget elementor-widget-button\" data-id=\"e3e3663\" data-element_type=\"widget\" data-widget_type=\"button.default\">\n\t\t\t\t<div class=\"elementor-widget-container\">\n\t\t\t\t\t\t\t\t\t<div class=\"elementor-button-wrapper\">\n\t\t\t\t\t<a class=\"elementor-button elementor-button-link elementor-size-md\" href=\"#\">\n\t\t\t\t\t\t<span class=\"elementor-button-content-wrapper\">\n\t\t\t\t\t\t\t\t\t<span class=\"elementor-button-text\">Contact Us<\/span>\n\t\t\t\t\t<\/span>\n\t\t\t\t\t<\/a>\n\t\t\t\t<\/div>\n\t\t\t\t\t\t\t\t<\/div>\n\t\t\t\t<\/div>\n\t\t\t\t\t<\/div>\n\t\t<\/div>\n\t\t\t\t\t<\/div>\n\t\t<\/section>\n\t\t\t\t<section class=\"elementor-section elementor-top-section elementor-element elementor-element-1e99eeb elementor-section-boxed elementor-section-height-default elementor-section-height-default\" data-id=\"1e99eeb\" data-element_type=\"section\">\n\t\t\t\t\t\t<div class=\"elementor-container elementor-column-gap-no\">\n\t\t\t\t\t<div class=\"elementor-column elementor-col-100 elementor-top-column elementor-element elementor-element-6cc1151\" data-id=\"6cc1151\" data-element_type=\"column\" data-settings=\"{&quot;background_background&quot;:&quot;classic&quot;}\">\n\t\t\t<div class=\"elementor-widget-wrap elementor-element-populated\">\n\t\t\t\t\t\t<section class=\"elementor-section elementor-inner-section elementor-element elementor-element-faa94b1 elementor-section-full_width elementor-section-height-default elementor-section-height-default\" data-id=\"faa94b1\" data-element_type=\"section\">\n\t\t\t\t\t\t<div class=\"elementor-container elementor-column-gap-no\">\n\t\t\t\t\t<div class=\"elementor-column elementor-col-100 elementor-inner-column elementor-element elementor-element-86446a2\" data-id=\"86446a2\" data-element_type=\"column\">\n\t\t\t<div class=\"elementor-widget-wrap elementor-element-populated\">\n\t\t\t\t\t\t<div class=\"elementor-element elementor-element-eabc7d2 elementor-widget elementor-widget-heading\" data-id=\"eabc7d2\" data-element_type=\"widget\" data-widget_type=\"heading.default\">\n\t\t\t\t<div class=\"elementor-widget-container\">\n\t\t\t\t\t<h2 class=\"elementor-heading-title elementor-size-default\">Want To Support Our Cause?<\/h2>\t\t\t\t<\/div>\n\t\t\t\t<\/div>\n\t\t\t\t\t<\/div>\n\t\t<\/div>\n\t\t\t\t\t<\/div>\n\t\t<\/section>\n\t\t\t\t\t<\/div>\n\t\t<\/div>\n\t\t\t\t\t<\/div>\n\t\t<\/section>\n\t\t\t\t<\/div>\n\t\t","protected":false},"excerpt":{"rendered":"<p>morning prayer Home Services service single Praise &amp; worship Join us every Sunday at 10:00 am to praise God and worship together to come closer to Him. Plan Your Visit Come to the church on Sunday to pray and visit the church. Pre-book your seat for the day. Join A Group Find the most compelling [&hellip;]<\/p>\n","protected":false},"author":1,"featured_media":0,"parent":0,"menu_order":0,"comment_status":"closed","ping_status":"closed","template":"elementor_header_footer","meta":{"footnotes":""},"class_list":["post-76","page","type-page","status-publish","hentry"],"yoast_head":"<!-- This site is optimized with the Yoast SEO plugin v25.2 - https:\/\/yoast.com\/wordpress\/plugins\/seo\/ -->\n<title>Divine Grace Service Single - Emberk\u00e9k Alap\u00edtv\u00e1ny<\/title>\n<meta name=\"robots\" content=\"index, follow, max-snippet:-1, max-image-preview:large, max-video-preview:-1\" \/>\n<link rel=\"canonical\" href=\"https:\/\/emberkekalapitvany.hu\/index.php\/divine-grace-service-single\/\" \/>\n<meta property=\"og:locale\" content=\"hu_HU\" \/>\n<meta property=\"og:type\" content=\"article\" \/>\n<meta property=\"og:title\" content=\"Divine Grace Service Single - Emberk\u00e9k Alap\u00edtv\u00e1ny\" \/>\n<meta property=\"og:description\" content=\"morning prayer Home Services service single Praise &amp; worship Join us every Sunday at 10:00 am to praise God and worship together to come closer to Him. Plan Your Visit Come to the church on Sunday to pray and visit the church. Pre-book your seat for the day. Join A Group Find the most compelling [&hellip;]\" \/>\n<meta property=\"og:url\" content=\"https:\/\/emberkekalapitvany.hu\/index.php\/divine-grace-service-single\/\" \/>\n<meta property=\"og:site_name\" content=\"Emberk\u00e9k Alap\u00edtv\u00e1ny\" \/>\n<meta property=\"article:modified_time\" content=\"2025-05-29T12:24:13+00:00\" \/>\n<meta property=\"og:image\" content=\"https:\/\/emberkekalapitvany.hu\/wp-content\/uploads\/2024\/03\/Group-1051.png\" \/>\n<meta name=\"twitter:card\" content=\"summary_large_image\" \/>\n<meta name=\"twitter:label1\" content=\"Becs\u00fclt olvas\u00e1si id\u0151\" \/>\n\t<meta name=\"twitter:data1\" content=\"1 perc\" \/>\n<script type=\"application\/ld+json\" class=\"yoast-schema-graph\">{\"@context\":\"https:\/\/schema.org\",\"@graph\":[{\"@type\":\"WebPage\",\"@id\":\"https:\/\/emberkekalapitvany.hu\/index.php\/divine-grace-service-single\/\",\"url\":\"https:\/\/emberkekalapitvany.hu\/index.php\/divine-grace-service-single\/\",\"name\":\"Divine Grace Service Single - Emberk\u00e9k Alap\u00edtv\u00e1ny\",\"isPartOf\":{\"@id\":\"https:\/\/emberkekalapitvany.hu\/#website\"},\"primaryImageOfPage\":{\"@id\":\"https:\/\/emberkekalapitvany.hu\/index.php\/divine-grace-service-single\/#primaryimage\"},\"image\":{\"@id\":\"https:\/\/emberkekalapitvany.hu\/index.php\/divine-grace-service-single\/#primaryimage\"},\"thumbnailUrl\":\"https:\/\/emberkekalapitvany.hu\/wp-content\/uploads\/2024\/03\/Group-1051.png\",\"datePublished\":\"2025-05-29T12:23:51+00:00\",\"dateModified\":\"2025-05-29T12:24:13+00:00\",\"breadcrumb\":{\"@id\":\"https:\/\/emberkekalapitvany.hu\/index.php\/divine-grace-service-single\/#breadcrumb\"},\"inLanguage\":\"hu\",\"potentialAction\":[{\"@type\":\"ReadAction\",\"target\":[\"https:\/\/emberkekalapitvany.hu\/index.php\/divine-grace-service-single\/\"]}]},{\"@type\":\"ImageObject\",\"inLanguage\":\"hu\",\"@id\":\"https:\/\/emberkekalapitvany.hu\/index.php\/divine-grace-service-single\/#primaryimage\",\"url\":\"https:\/\/emberkekalapitvany.hu\/wp-content\/uploads\/2024\/03\/Group-1051.png\",\"contentUrl\":\"https:\/\/emberkekalapitvany.hu\/wp-content\/uploads\/2024\/03\/Group-1051.png\",\"width\":130,\"height\":130},{\"@type\":\"BreadcrumbList\",\"@id\":\"https:\/\/emberkekalapitvany.hu\/index.php\/divine-grace-service-single\/#breadcrumb\",\"itemListElement\":[{\"@type\":\"ListItem\",\"position\":1,\"name\":\"Kezd\u0151lap\",\"item\":\"https:\/\/emberkekalapitvany.hu\/\"},{\"@type\":\"ListItem\",\"position\":2,\"name\":\"Divine Grace Service Single\"}]},{\"@type\":\"WebSite\",\"@id\":\"https:\/\/emberkekalapitvany.hu\/#website\",\"url\":\"https:\/\/emberkekalapitvany.hu\/\",\"name\":\"Emberk\u00e9k Alap\u00edtv\u00e1ny\",\"description\":\"Emberk\u00e9k Alap\u00edtv\u00e1ny\",\"publisher\":{\"@id\":\"https:\/\/emberkekalapitvany.hu\/#organization\"},\"potentialAction\":[{\"@type\":\"SearchAction\",\"target\":{\"@type\":\"EntryPoint\",\"urlTemplate\":\"https:\/\/emberkekalapitvany.hu\/?s={search_term_string}\"},\"query-input\":{\"@type\":\"PropertyValueSpecification\",\"valueRequired\":true,\"valueName\":\"search_term_string\"}}],\"inLanguage\":\"hu\"},{\"@type\":\"Organization\",\"@id\":\"https:\/\/emberkekalapitvany.hu\/#organization\",\"name\":\"Emberk\u00e9k Alap\u00edtv\u00e1ny\",\"url\":\"https:\/\/emberkekalapitvany.hu\/\",\"logo\":{\"@type\":\"ImageObject\",\"inLanguage\":\"hu\",\"@id\":\"https:\/\/emberkekalapitvany.hu\/#\/schema\/logo\/image\/\",\"url\":\"https:\/\/emberkekalapitvany.hu\/wp-content\/uploads\/2025\/05\/emberkek-logo_color_without-elipse.png\",\"contentUrl\":\"https:\/\/emberkekalapitvany.hu\/wp-content\/uploads\/2025\/05\/emberkek-logo_color_without-elipse.png\",\"width\":1080,\"height\":1080,\"caption\":\"Emberk\u00e9k Alap\u00edtv\u00e1ny\"},\"image\":{\"@id\":\"https:\/\/emberkekalapitvany.hu\/#\/schema\/logo\/image\/\"}}]}<\/script>\n<!-- \/ Yoast SEO plugin. -->","yoast_head_json":{"title":"Divine Grace Service Single - Emberk\u00e9k Alap\u00edtv\u00e1ny","robots":{"index":"index","follow":"follow","max-snippet":"max-snippet:-1","max-image-preview":"max-image-preview:large","max-video-preview":"max-video-preview:-1"},"canonical":"https:\/\/emberkekalapitvany.hu\/index.php\/divine-grace-service-single\/","og_locale":"hu_HU","og_type":"article","og_title":"Divine Grace Service Single - Emberk\u00e9k Alap\u00edtv\u00e1ny","og_description":"morning prayer Home Services service single Praise &amp; worship Join us every Sunday at 10:00 am to praise God and worship together to come closer to Him. Plan Your Visit Come to the church on Sunday to pray and visit the church. Pre-book your seat for the day. Join A Group Find the most compelling [&hellip;]","og_url":"https:\/\/emberkekalapitvany.hu\/index.php\/divine-grace-service-single\/","og_site_name":"Emberk\u00e9k Alap\u00edtv\u00e1ny","article_modified_time":"2025-05-29T12:24:13+00:00","og_image":[{"url":"https:\/\/emberkekalapitvany.hu\/wp-content\/uploads\/2024\/03\/Group-1051.png","type":"","width":"","height":""}],"twitter_card":"summary_large_image","twitter_misc":{"Becs\u00fclt olvas\u00e1si id\u0151":"1 perc"},"schema":{"@context":"https:\/\/schema.org","@graph":[{"@type":"WebPage","@id":"https:\/\/emberkekalapitvany.hu\/index.php\/divine-grace-service-single\/","url":"https:\/\/emberkekalapitvany.hu\/index.php\/divine-grace-service-single\/","name":"Divine Grace Service Single - Emberk\u00e9k Alap\u00edtv\u00e1ny","isPartOf":{"@id":"https:\/\/emberkekalapitvany.hu\/#website"},"primaryImageOfPage":{"@id":"https:\/\/emberkekalapitvany.hu\/index.php\/divine-grace-service-single\/#primaryimage"},"image":{"@id":"https:\/\/emberkekalapitvany.hu\/index.php\/divine-grace-service-single\/#primaryimage"},"thumbnailUrl":"https:\/\/emberkekalapitvany.hu\/wp-content\/uploads\/2024\/03\/Group-1051.png","datePublished":"2025-05-29T12:23:51+00:00","dateModified":"2025-05-29T12:24:13+00:00","breadcrumb":{"@id":"https:\/\/emberkekalapitvany.hu\/index.php\/divine-grace-service-single\/#breadcrumb"},"inLanguage":"hu","potentialAction":[{"@type":"ReadAction","target":["https:\/\/emberkekalapitvany.hu\/index.php\/divine-grace-service-single\/"]}]},{"@type":"ImageObject","inLanguage":"hu","@id":"https:\/\/emberkekalapitvany.hu\/index.php\/divine-grace-service-single\/#primaryimage","url":"https:\/\/emberkekalapitvany.hu\/wp-content\/uploads\/2024\/03\/Group-1051.png","contentUrl":"https:\/\/emberkekalapitvany.hu\/wp-content\/uploads\/2024\/03\/Group-1051.png","width":130,"height":130},{"@type":"BreadcrumbList","@id":"https:\/\/emberkekalapitvany.hu\/index.php\/divine-grace-service-single\/#breadcrumb","itemListElement":[{"@type":"ListItem","position":1,"name":"Kezd\u0151lap","item":"https:\/\/emberkekalapitvany.hu\/"},{"@type":"ListItem","position":2,"name":"Divine Grace Service Single"}]},{"@type":"WebSite","@id":"https:\/\/emberkekalapitvany.hu\/#website","url":"https:\/\/emberkekalapitvany.hu\/","name":"Emberk\u00e9k Alap\u00edtv\u00e1ny","description":"Emberk\u00e9k Alap\u00edtv\u00e1ny","publisher":{"@id":"https:\/\/emberkekalapitvany.hu\/#organization"},"potentialAction":[{"@type":"SearchAction","target":{"@type":"EntryPoint","urlTemplate":"https:\/\/emberkekalapitvany.hu\/?s={search_term_string}"},"query-input":{"@type":"PropertyValueSpecification","valueRequired":true,"valueName":"search_term_string"}}],"inLanguage":"hu"},{"@type":"Organization","@id":"https:\/\/emberkekalapitvany.hu\/#organization","name":"Emberk\u00e9k Alap\u00edtv\u00e1ny","url":"https:\/\/emberkekalapitvany.hu\/","logo":{"@type":"ImageObject","inLanguage":"hu","@id":"https:\/\/emberkekalapitvany.hu\/#\/schema\/logo\/image\/","url":"https:\/\/emberkekalapitvany.hu\/wp-content\/uploads\/2025\/05\/emberkek-logo_color_without-elipse.png","contentUrl":"https:\/\/emberkekalapitvany.hu\/wp-content\/uploads\/2025\/05\/emberkek-logo_color_without-elipse.png","width":1080,"height":1080,"caption":"Emberk\u00e9k Alap\u00edtv\u00e1ny"},"image":{"@id":"https:\/\/emberkekalapitvany.hu\/#\/schema\/logo\/image\/"}}]}},"_links":{"self":[{"href":"https:\/\/emberkekalapitvany.hu\/index.php\/wp-json\/wp\/v2\/pages\/76","targetHints":{"allow":["GET"]}}],"collection":[{"href":"https:\/\/emberkekalapitvany.hu\/index.php\/wp-json\/wp\/v2\/pages"}],"about":[{"href":"https:\/\/emberkekalapitvany.hu\/index.php\/wp-json\/wp\/v2\/types\/page"}],"author":[{"embeddable":true,"href":"https:\/\/emberkekalapitvany.hu\/index.php\/wp-json\/wp\/v2\/users\/1"}],"replies":[{"embeddable":true,"href":"https:\/\/emberkekalapitvany.hu\/index.php\/wp-json\/wp\/v2\/comments?post=76"}],"version-history":[{"count":4,"href":"https:\/\/emberkekalapitvany.hu\/index.php\/wp-json\/wp\/v2\/pages\/76\/revisions"}],"predecessor-version":[{"id":129,"href":"https:\/\/emberkekalapitvany.hu\/index.php\/wp-json\/wp\/v2\/pages\/76\/revisions\/129"}],"wp:attachment":[{"href":"https:\/\/emberkekalapitvany.hu\/index.php\/wp-json\/wp\/v2\/media?parent=76"}],"curies":[{"name":"wp","href":"https:\/\/api.w.org\/{rel}","templated":true}]}}