{"id":79,"date":"2025-05-29T12:23:52","date_gmt":"2025-05-29T12:23:52","guid":{"rendered":"https:\/\/emberkekalapitvany.hu\/index.php\/divine-grace-pastors\/"},"modified":"2025-05-29T12:24:14","modified_gmt":"2025-05-29T12:24:14","slug":"divine-grace-pastors","status":"publish","type":"page","link":"https:\/\/emberkekalapitvany.hu\/index.php\/divine-grace-pastors\/","title":{"rendered":"Divine Grace Pastors"},"content":{"rendered":"\t\t<div data-elementor-type=\"wp-page\" data-elementor-id=\"79\" class=\"elementor elementor-79\" data-elementor-post-type=\"page\">\n\t\t\t\t\t\t<section class=\"elementor-section elementor-top-section elementor-element elementor-element-9c2e036 elementor-section-boxed elementor-section-height-default elementor-section-height-default\" data-id=\"9c2e036\" data-element_type=\"section\">\n\t\t\t\t\t\t<div class=\"elementor-container elementor-column-gap-no\">\n\t\t\t\t\t<div class=\"elementor-column elementor-col-100 elementor-top-column elementor-element elementor-element-ce657d0\" data-id=\"ce657d0\" data-element_type=\"column\" data-settings=\"{&quot;background_background&quot;:&quot;gradient&quot;}\">\n\t\t\t<div class=\"elementor-widget-wrap elementor-element-populated\">\n\t\t\t\t\t\t<div class=\"elementor-element elementor-element-6960607 elementor-widget elementor-widget-heading\" data-id=\"6960607\" data-element_type=\"widget\" data-widget_type=\"heading.default\">\n\t\t\t\t<div class=\"elementor-widget-container\">\n\t\t\t\t\t<h1 class=\"elementor-heading-title elementor-size-default\">pastors<\/h1>\t\t\t\t<\/div>\n\t\t\t\t<\/div>\n\t\t\t\t<div class=\"elementor-element elementor-element-550119e elementor-align-center elementor-icon-list--layout-traditional elementor-list-item-link-full_width elementor-widget elementor-widget-icon-list\" data-id=\"550119e\" data-element_type=\"widget\" data-widget_type=\"icon-list.default\">\n\t\t\t\t<div class=\"elementor-widget-container\">\n\t\t\t\t\t\t\t<ul class=\"elementor-icon-list-items\">\n\t\t\t\t\t\t\t<li class=\"elementor-icon-list-item\">\n\t\t\t\t\t\t\t\t\t\t\t<a href=\"https:\/\/demo.templately.com\/divine-grace-home\/\">\n\n\t\t\t\t\t\t\t\t\t\t\t<span class=\"elementor-icon-list-text\">Home<\/span>\n\t\t\t\t\t\t\t\t\t\t\t<\/a>\n\t\t\t\t\t\t\t\t\t<\/li>\n\t\t\t\t\t\t<\/ul>\n\t\t\t\t\t\t<\/div>\n\t\t\t\t<\/div>\n\t\t\t\t\t<\/div>\n\t\t<\/div>\n\t\t\t\t\t<\/div>\n\t\t<\/section>\n\t\t\t\t<section class=\"elementor-section elementor-top-section elementor-element elementor-element-5f54020 elementor-section-boxed elementor-section-height-default elementor-section-height-default\" data-id=\"5f54020\" data-element_type=\"section\">\n\t\t\t\t\t\t<div class=\"elementor-container elementor-column-gap-no\">\n\t\t\t\t\t<div class=\"elementor-column elementor-col-100 elementor-top-column elementor-element elementor-element-ce429fc\" data-id=\"ce429fc\" data-element_type=\"column\">\n\t\t\t<div class=\"elementor-widget-wrap elementor-element-populated\">\n\t\t\t\t\t\t<section class=\"elementor-section elementor-inner-section elementor-element elementor-element-9a560e1 elementor-section-full_width elementor-section-height-default elementor-section-height-default\" data-id=\"9a560e1\" data-element_type=\"section\">\n\t\t\t\t\t\t<div class=\"elementor-container elementor-column-gap-no\">\n\t\t\t\t\t<div class=\"elementor-column elementor-col-33 elementor-inner-column elementor-element elementor-element-1884789\" data-id=\"1884789\" data-element_type=\"column\">\n\t\t\t<div class=\"elementor-widget-wrap elementor-element-populated\">\n\t\t\t\t\t\t<div class=\"elementor-element elementor-element-9d043be eael-team-align-centered elementor-invisible elementor-widget elementor-widget-eael-team-member\" data-id=\"9d043be\" data-element_type=\"widget\" data-settings=\"{&quot;_animation&quot;:&quot;fadeInUp&quot;,&quot;_animation_delay&quot;:200}\" data-widget_type=\"eael-team-member.default\">\n\t\t\t\t<div class=\"elementor-widget-container\">\n\t\t\t\t\t\n\n\t<div id=\"eael-team-member-9d043be\" class=\"eael-team-item eael-team-members-social-bottom \">\n\t\t<div class=\"eael-team-item-inner\">\n\t\t\t<div class=\"eael-team-image\">\n\t\t\t\t<figure>\n\t\t\t\t\t\t\t\t\t\t<img decoding=\"async\" src=\"https:\/\/emberkekalapitvany.hu\/wp-content\/uploads\/2024\/03\/816210fa-pexels-cottonbro-6266086-1.png\" alt=\"\">\n\t\t\t\t\t\t\t\t\t<\/figure>\n\t\t\t\t\n\t\t\t\t\n\t\t\t<\/div>\n\n\t\t\t<div class=\"eael-team-content\">\n\t\t\t\t<h2 class=\"eael-team-member-name\">Paul Calvin <\/h2><h3 class=\"eael-team-member-position\">Lead Pastor <\/h3>\n\t\t\t\t\t\t\t\t\t\t\t\t\t\t\t\t<\/div>\n\t\t<\/div>\n\t<\/div>\n\t\t\t\t\t<\/div>\n\t\t\t\t<\/div>\n\t\t\t\t\t<\/div>\n\t\t<\/div>\n\t\t\t\t<div class=\"elementor-column elementor-col-33 elementor-inner-column elementor-element elementor-element-7186153\" data-id=\"7186153\" data-element_type=\"column\">\n\t\t\t<div class=\"elementor-widget-wrap elementor-element-populated\">\n\t\t\t\t\t\t<div class=\"elementor-element elementor-element-d4f84ce eael-team-align-centered elementor-invisible elementor-widget elementor-widget-eael-team-member\" data-id=\"d4f84ce\" data-element_type=\"widget\" data-settings=\"{&quot;_animation&quot;:&quot;fadeInUp&quot;,&quot;_animation_delay&quot;:150}\" data-widget_type=\"eael-team-member.default\">\n\t\t\t\t<div class=\"elementor-widget-container\">\n\t\t\t\t\t\n\n\t<div id=\"eael-team-member-d4f84ce\" class=\"eael-team-item eael-team-members-social-bottom \">\n\t\t<div class=\"eael-team-item-inner\">\n\t\t\t<div class=\"eael-team-image\">\n\t\t\t\t<figure>\n\t\t\t\t\t\t\t\t\t\t<img decoding=\"async\" src=\"https:\/\/emberkekalapitvany.hu\/wp-content\/uploads\/2024\/03\/5c6a2c1a-pexels-pavel-danilyuk-8814998-1.png\" alt=\"\">\n\t\t\t\t\t\t\t\t\t<\/figure>\n\t\t\t\t\n\t\t\t\t\n\t\t\t<\/div>\n\n\t\t\t<div class=\"eael-team-content\">\n\t\t\t\t<h2 class=\"eael-team-member-name\">Benjamin Keach<\/h2><h3 class=\"eael-team-member-position\">Pastor<\/h3>\n\t\t\t\t\t\t\t\t\t\t\t\t\t\t\t\t<\/div>\n\t\t<\/div>\n\t<\/div>\n\t\t\t\t\t<\/div>\n\t\t\t\t<\/div>\n\t\t\t\t\t<\/div>\n\t\t<\/div>\n\t\t\t\t<div class=\"elementor-column elementor-col-33 elementor-inner-column elementor-element elementor-element-eb4c58d\" data-id=\"eb4c58d\" data-element_type=\"column\">\n\t\t\t<div class=\"elementor-widget-wrap elementor-element-populated\">\n\t\t\t\t\t\t<div class=\"elementor-element elementor-element-45fe7bf eael-team-align-centered elementor-invisible elementor-widget elementor-widget-eael-team-member\" data-id=\"45fe7bf\" data-element_type=\"widget\" data-settings=\"{&quot;_animation&quot;:&quot;fadeInUp&quot;}\" data-widget_type=\"eael-team-member.default\">\n\t\t\t\t<div class=\"elementor-widget-container\">\n\t\t\t\t\t\n\n\t<div id=\"eael-team-member-45fe7bf\" class=\"eael-team-item eael-team-members-social-bottom \">\n\t\t<div class=\"eael-team-item-inner\">\n\t\t\t<div class=\"eael-team-image\">\n\t\t\t\t<figure>\n\t\t\t\t\t\t\t\t\t\t<img decoding=\"async\" src=\"https:\/\/emberkekalapitvany.hu\/wp-content\/uploads\/2024\/03\/56b36663-pexels-andrea-piacquadio-3778876-1.png\" alt=\"\">\n\t\t\t\t\t\t\t\t\t<\/figure>\n\t\t\t\t\n\t\t\t\t\n\t\t\t<\/div>\n\n\t\t\t<div class=\"eael-team-content\">\n\t\t\t\t<h2 class=\"eael-team-member-name\">Paolo Segneri<\/h2><h3 class=\"eael-team-member-position\">Pastor<\/h3>\n\t\t\t\t\t\t\t\t\t\t\t\t\t\t\t\t<\/div>\n\t\t<\/div>\n\t<\/div>\n\t\t\t\t\t<\/div>\n\t\t\t\t<\/div>\n\t\t\t\t\t<\/div>\n\t\t<\/div>\n\t\t\t\t\t<\/div>\n\t\t<\/section>\n\t\t\t\t<section class=\"elementor-section elementor-inner-section elementor-element elementor-element-3152f7f elementor-section-full_width elementor-section-height-default elementor-section-height-default\" data-id=\"3152f7f\" data-element_type=\"section\">\n\t\t\t\t\t\t<div class=\"elementor-container elementor-column-gap-no\">\n\t\t\t\t\t<div class=\"elementor-column elementor-col-33 elementor-inner-column elementor-element elementor-element-674e917\" data-id=\"674e917\" data-element_type=\"column\">\n\t\t\t<div class=\"elementor-widget-wrap elementor-element-populated\">\n\t\t\t\t\t\t<div class=\"elementor-element elementor-element-7c67ca5 eael-team-align-centered elementor-invisible elementor-widget elementor-widget-eael-team-member\" data-id=\"7c67ca5\" data-element_type=\"widget\" data-settings=\"{&quot;_animation&quot;:&quot;fadeInUp&quot;,&quot;_animation_delay&quot;:220}\" data-widget_type=\"eael-team-member.default\">\n\t\t\t\t<div class=\"elementor-widget-container\">\n\t\t\t\t\t\n\n\t<div id=\"eael-team-member-7c67ca5\" class=\"eael-team-item eael-team-members-social-bottom \">\n\t\t<div class=\"eael-team-item-inner\">\n\t\t\t<div class=\"eael-team-image\">\n\t\t\t\t<figure>\n\t\t\t\t\t\t\t\t\t\t<img decoding=\"async\" src=\"https:\/\/emberkekalapitvany.hu\/wp-content\/uploads\/2024\/03\/9ebda238-pexels-dinielle-de-veyra-4195342-1.png\" alt=\"\">\n\t\t\t\t\t\t\t\t\t<\/figure>\n\t\t\t\t\n\t\t\t\t\n\t\t\t<\/div>\n\n\t\t\t<div class=\"eael-team-content\">\n\t\t\t\t<h2 class=\"eael-team-member-name\">Tobia Lionelli<\/h2><h3 class=\"eael-team-member-position\">Pastor<\/h3>\n\t\t\t\t\t\t\t\t\t\t\t\t\t\t\t\t<\/div>\n\t\t<\/div>\n\t<\/div>\n\t\t\t\t\t<\/div>\n\t\t\t\t<\/div>\n\t\t\t\t\t<\/div>\n\t\t<\/div>\n\t\t\t\t<div class=\"elementor-column elementor-col-33 elementor-inner-column elementor-element elementor-element-4a986ca\" data-id=\"4a986ca\" data-element_type=\"column\">\n\t\t\t<div class=\"elementor-widget-wrap elementor-element-populated\">\n\t\t\t\t\t\t<div class=\"elementor-element elementor-element-8d1feb7 eael-team-align-centered elementor-invisible elementor-widget elementor-widget-eael-team-member\" data-id=\"8d1feb7\" data-element_type=\"widget\" data-settings=\"{&quot;_animation&quot;:&quot;fadeInUp&quot;,&quot;_animation_delay&quot;:240}\" data-widget_type=\"eael-team-member.default\">\n\t\t\t\t<div class=\"elementor-widget-container\">\n\t\t\t\t\t\n\n\t<div id=\"eael-team-member-8d1feb7\" class=\"eael-team-item eael-team-members-social-bottom \">\n\t\t<div class=\"eael-team-item-inner\">\n\t\t\t<div class=\"eael-team-image\">\n\t\t\t\t<figure>\n\t\t\t\t\t\t\t\t\t\t<img decoding=\"async\" src=\"https:\/\/emberkekalapitvany.hu\/wp-content\/uploads\/2024\/03\/c7574256-mohamad-khosravi-hgyaiyvmwkw-unsplash-1.png\" alt=\"\">\n\t\t\t\t\t\t\t\t\t<\/figure>\n\t\t\t\t\n\t\t\t\t\n\t\t\t<\/div>\n\n\t\t\t<div class=\"eael-team-content\">\n\t\t\t\t<h2 class=\"eael-team-member-name\">Charlie Jovan <\/h2><h3 class=\"eael-team-member-position\">Pastor<\/h3>\n\t\t\t\t\t\t\t\t\t\t\t\t\t\t\t\t<\/div>\n\t\t<\/div>\n\t<\/div>\n\t\t\t\t\t<\/div>\n\t\t\t\t<\/div>\n\t\t\t\t\t<\/div>\n\t\t<\/div>\n\t\t\t\t<div class=\"elementor-column elementor-col-33 elementor-inner-column elementor-element elementor-element-9a6138b\" data-id=\"9a6138b\" data-element_type=\"column\">\n\t\t\t<div class=\"elementor-widget-wrap elementor-element-populated\">\n\t\t\t\t\t\t<div class=\"elementor-element elementor-element-386b605 eael-team-align-centered elementor-invisible elementor-widget elementor-widget-eael-team-member\" data-id=\"386b605\" data-element_type=\"widget\" data-settings=\"{&quot;_animation&quot;:&quot;fadeInUp&quot;,&quot;_animation_delay&quot;:300}\" data-widget_type=\"eael-team-member.default\">\n\t\t\t\t<div class=\"elementor-widget-container\">\n\t\t\t\t\t\n\n\t<div id=\"eael-team-member-386b605\" class=\"eael-team-item eael-team-members-social-bottom \">\n\t\t<div class=\"eael-team-item-inner\">\n\t\t\t<div class=\"eael-team-image\">\n\t\t\t\t<figure>\n\t\t\t\t\t\t\t\t\t\t<img decoding=\"async\" src=\"https:\/\/emberkekalapitvany.hu\/wp-content\/uploads\/2024\/03\/ef2c0062-freestocks-9uvmlib0wju-unsplash-1.png\" alt=\"\">\n\t\t\t\t\t\t\t\t\t<\/figure>\n\t\t\t\t\n\t\t\t\t\n\t\t\t<\/div>\n\n\t\t\t<div class=\"eael-team-content\">\n\t\t\t\t<h2 class=\"eael-team-member-name\">Kristina Rosemary <\/h2><h3 class=\"eael-team-member-position\">Sister<\/h3>\n\t\t\t\t\t\t\t\t\t\t\t\t\t\t\t\t<\/div>\n\t\t<\/div>\n\t<\/div>\n\t\t\t\t\t<\/div>\n\t\t\t\t<\/div>\n\t\t\t\t\t<\/div>\n\t\t<\/div>\n\t\t\t\t\t<\/div>\n\t\t<\/section>\n\t\t\t\t\t<\/div>\n\t\t<\/div>\n\t\t\t\t\t<\/div>\n\t\t<\/section>\n\t\t\t\t<section class=\"elementor-section elementor-top-section elementor-element elementor-element-65a1a75 elementor-section-boxed elementor-section-height-default elementor-section-height-default\" data-id=\"65a1a75\" data-element_type=\"section\">\n\t\t\t\t\t\t<div class=\"elementor-container elementor-column-gap-no\">\n\t\t\t\t\t<div class=\"elementor-column elementor-col-100 elementor-top-column elementor-element elementor-element-181f264\" data-id=\"181f264\" data-element_type=\"column\" data-settings=\"{&quot;background_background&quot;:&quot;classic&quot;}\">\n\t\t\t<div class=\"elementor-widget-wrap elementor-element-populated\">\n\t\t\t\t\t\t<section class=\"elementor-section elementor-inner-section elementor-element elementor-element-44cecc7 elementor-section-full_width elementor-section-height-default elementor-section-height-default\" data-id=\"44cecc7\" data-element_type=\"section\">\n\t\t\t\t\t\t<div class=\"elementor-container elementor-column-gap-no\">\n\t\t\t\t\t<div class=\"elementor-column elementor-col-100 elementor-inner-column elementor-element elementor-element-92dc8b9\" data-id=\"92dc8b9\" data-element_type=\"column\">\n\t\t\t<div class=\"elementor-widget-wrap elementor-element-populated\">\n\t\t\t\t\t\t<div class=\"elementor-element elementor-element-56cc710 elementor-widget elementor-widget-heading\" data-id=\"56cc710\" data-element_type=\"widget\" data-widget_type=\"heading.default\">\n\t\t\t\t<div class=\"elementor-widget-container\">\n\t\t\t\t\t<h2 class=\"elementor-heading-title elementor-size-default\">Want To Support Our Cause?<\/h2>\t\t\t\t<\/div>\n\t\t\t\t<\/div>\n\t\t\t\t\t<\/div>\n\t\t<\/div>\n\t\t\t\t\t<\/div>\n\t\t<\/section>\n\t\t\t\t\t<\/div>\n\t\t<\/div>\n\t\t\t\t\t<\/div>\n\t\t<\/section>\n\t\t\t\t<\/div>\n\t\t","protected":false},"excerpt":{"rendered":"<p>pastors Home Paul Calvin Lead Pastor Benjamin Keach Pastor Paolo Segneri Pastor Tobia Lionelli Pastor Charlie Jovan Pastor Kristina Rosemary Sister Want To Support Our Cause?<\/p>\n","protected":false},"author":1,"featured_media":0,"parent":0,"menu_order":0,"comment_status":"closed","ping_status":"closed","template":"elementor_header_footer","meta":{"footnotes":""},"class_list":["post-79","page","type-page","status-publish","hentry"],"yoast_head":"<!-- This site is optimized with the Yoast SEO plugin v25.2 - https:\/\/yoast.com\/wordpress\/plugins\/seo\/ -->\n<title>Divine Grace Pastors - Emberk\u00e9k Alap\u00edtv\u00e1ny<\/title>\n<meta name=\"robots\" content=\"index, follow, max-snippet:-1, max-image-preview:large, max-video-preview:-1\" \/>\n<link rel=\"canonical\" href=\"https:\/\/emberkekalapitvany.hu\/index.php\/divine-grace-pastors\/\" \/>\n<meta property=\"og:locale\" content=\"hu_HU\" \/>\n<meta property=\"og:type\" content=\"article\" \/>\n<meta property=\"og:title\" content=\"Divine Grace Pastors - Emberk\u00e9k Alap\u00edtv\u00e1ny\" \/>\n<meta property=\"og:description\" content=\"pastors Home Paul Calvin Lead Pastor Benjamin Keach Pastor Paolo Segneri Pastor Tobia Lionelli Pastor Charlie Jovan Pastor Kristina Rosemary Sister Want To Support Our Cause?\" \/>\n<meta property=\"og:url\" content=\"https:\/\/emberkekalapitvany.hu\/index.php\/divine-grace-pastors\/\" \/>\n<meta property=\"og:site_name\" content=\"Emberk\u00e9k Alap\u00edtv\u00e1ny\" \/>\n<meta property=\"article:modified_time\" content=\"2025-05-29T12:24:14+00:00\" \/>\n<meta property=\"og:image\" content=\"https:\/\/emberkekalapitvany.hu\/wp-content\/uploads\/2024\/03\/816210fa-pexels-cottonbro-6266086-1.png\" \/>\n<meta name=\"twitter:card\" content=\"summary_large_image\" \/>\n<script type=\"application\/ld+json\" class=\"yoast-schema-graph\">{\"@context\":\"https:\/\/schema.org\",\"@graph\":[{\"@type\":\"WebPage\",\"@id\":\"https:\/\/emberkekalapitvany.hu\/index.php\/divine-grace-pastors\/\",\"url\":\"https:\/\/emberkekalapitvany.hu\/index.php\/divine-grace-pastors\/\",\"name\":\"Divine Grace Pastors - Emberk\u00e9k Alap\u00edtv\u00e1ny\",\"isPartOf\":{\"@id\":\"https:\/\/emberkekalapitvany.hu\/#website\"},\"primaryImageOfPage\":{\"@id\":\"https:\/\/emberkekalapitvany.hu\/index.php\/divine-grace-pastors\/#primaryimage\"},\"image\":{\"@id\":\"https:\/\/emberkekalapitvany.hu\/index.php\/divine-grace-pastors\/#primaryimage\"},\"thumbnailUrl\":\"https:\/\/emberkekalapitvany.hu\/wp-content\/uploads\/2024\/03\/816210fa-pexels-cottonbro-6266086-1.png\",\"datePublished\":\"2025-05-29T12:23:52+00:00\",\"dateModified\":\"2025-05-29T12:24:14+00:00\",\"breadcrumb\":{\"@id\":\"https:\/\/emberkekalapitvany.hu\/index.php\/divine-grace-pastors\/#breadcrumb\"},\"inLanguage\":\"hu\",\"potentialAction\":[{\"@type\":\"ReadAction\",\"target\":[\"https:\/\/emberkekalapitvany.hu\/index.php\/divine-grace-pastors\/\"]}]},{\"@type\":\"ImageObject\",\"inLanguage\":\"hu\",\"@id\":\"https:\/\/emberkekalapitvany.hu\/index.php\/divine-grace-pastors\/#primaryimage\",\"url\":\"https:\/\/emberkekalapitvany.hu\/wp-content\/uploads\/2024\/03\/816210fa-pexels-cottonbro-6266086-1.png\",\"contentUrl\":\"https:\/\/emberkekalapitvany.hu\/wp-content\/uploads\/2024\/03\/816210fa-pexels-cottonbro-6266086-1.png\",\"width\":470,\"height\":500},{\"@type\":\"BreadcrumbList\",\"@id\":\"https:\/\/emberkekalapitvany.hu\/index.php\/divine-grace-pastors\/#breadcrumb\",\"itemListElement\":[{\"@type\":\"ListItem\",\"position\":1,\"name\":\"Kezd\u0151lap\",\"item\":\"https:\/\/emberkekalapitvany.hu\/\"},{\"@type\":\"ListItem\",\"position\":2,\"name\":\"Divine Grace Pastors\"}]},{\"@type\":\"WebSite\",\"@id\":\"https:\/\/emberkekalapitvany.hu\/#website\",\"url\":\"https:\/\/emberkekalapitvany.hu\/\",\"name\":\"Emberk\u00e9k Alap\u00edtv\u00e1ny\",\"description\":\"Emberk\u00e9k Alap\u00edtv\u00e1ny\",\"publisher\":{\"@id\":\"https:\/\/emberkekalapitvany.hu\/#organization\"},\"potentialAction\":[{\"@type\":\"SearchAction\",\"target\":{\"@type\":\"EntryPoint\",\"urlTemplate\":\"https:\/\/emberkekalapitvany.hu\/?s={search_term_string}\"},\"query-input\":{\"@type\":\"PropertyValueSpecification\",\"valueRequired\":true,\"valueName\":\"search_term_string\"}}],\"inLanguage\":\"hu\"},{\"@type\":\"Organization\",\"@id\":\"https:\/\/emberkekalapitvany.hu\/#organization\",\"name\":\"Emberk\u00e9k Alap\u00edtv\u00e1ny\",\"url\":\"https:\/\/emberkekalapitvany.hu\/\",\"logo\":{\"@type\":\"ImageObject\",\"inLanguage\":\"hu\",\"@id\":\"https:\/\/emberkekalapitvany.hu\/#\/schema\/logo\/image\/\",\"url\":\"https:\/\/emberkekalapitvany.hu\/wp-content\/uploads\/2025\/05\/emberkek-logo_color_without-elipse.png\",\"contentUrl\":\"https:\/\/emberkekalapitvany.hu\/wp-content\/uploads\/2025\/05\/emberkek-logo_color_without-elipse.png\",\"width\":1080,\"height\":1080,\"caption\":\"Emberk\u00e9k Alap\u00edtv\u00e1ny\"},\"image\":{\"@id\":\"https:\/\/emberkekalapitvany.hu\/#\/schema\/logo\/image\/\"}}]}<\/script>\n<!-- \/ Yoast SEO plugin. -->","yoast_head_json":{"title":"Divine Grace Pastors - Emberk\u00e9k Alap\u00edtv\u00e1ny","robots":{"index":"index","follow":"follow","max-snippet":"max-snippet:-1","max-image-preview":"max-image-preview:large","max-video-preview":"max-video-preview:-1"},"canonical":"https:\/\/emberkekalapitvany.hu\/index.php\/divine-grace-pastors\/","og_locale":"hu_HU","og_type":"article","og_title":"Divine Grace Pastors - Emberk\u00e9k Alap\u00edtv\u00e1ny","og_description":"pastors Home Paul Calvin Lead Pastor Benjamin Keach Pastor Paolo Segneri Pastor Tobia Lionelli Pastor Charlie Jovan Pastor Kristina Rosemary Sister Want To Support Our Cause?","og_url":"https:\/\/emberkekalapitvany.hu\/index.php\/divine-grace-pastors\/","og_site_name":"Emberk\u00e9k Alap\u00edtv\u00e1ny","article_modified_time":"2025-05-29T12:24:14+00:00","og_image":[{"url":"https:\/\/emberkekalapitvany.hu\/wp-content\/uploads\/2024\/03\/816210fa-pexels-cottonbro-6266086-1.png","type":"","width":"","height":""}],"twitter_card":"summary_large_image","schema":{"@context":"https:\/\/schema.org","@graph":[{"@type":"WebPage","@id":"https:\/\/emberkekalapitvany.hu\/index.php\/divine-grace-pastors\/","url":"https:\/\/emberkekalapitvany.hu\/index.php\/divine-grace-pastors\/","name":"Divine Grace Pastors - Emberk\u00e9k Alap\u00edtv\u00e1ny","isPartOf":{"@id":"https:\/\/emberkekalapitvany.hu\/#website"},"primaryImageOfPage":{"@id":"https:\/\/emberkekalapitvany.hu\/index.php\/divine-grace-pastors\/#primaryimage"},"image":{"@id":"https:\/\/emberkekalapitvany.hu\/index.php\/divine-grace-pastors\/#primaryimage"},"thumbnailUrl":"https:\/\/emberkekalapitvany.hu\/wp-content\/uploads\/2024\/03\/816210fa-pexels-cottonbro-6266086-1.png","datePublished":"2025-05-29T12:23:52+00:00","dateModified":"2025-05-29T12:24:14+00:00","breadcrumb":{"@id":"https:\/\/emberkekalapitvany.hu\/index.php\/divine-grace-pastors\/#breadcrumb"},"inLanguage":"hu","potentialAction":[{"@type":"ReadAction","target":["https:\/\/emberkekalapitvany.hu\/index.php\/divine-grace-pastors\/"]}]},{"@type":"ImageObject","inLanguage":"hu","@id":"https:\/\/emberkekalapitvany.hu\/index.php\/divine-grace-pastors\/#primaryimage","url":"https:\/\/emberkekalapitvany.hu\/wp-content\/uploads\/2024\/03\/816210fa-pexels-cottonbro-6266086-1.png","contentUrl":"https:\/\/emberkekalapitvany.hu\/wp-content\/uploads\/2024\/03\/816210fa-pexels-cottonbro-6266086-1.png","width":470,"height":500},{"@type":"BreadcrumbList","@id":"https:\/\/emberkekalapitvany.hu\/index.php\/divine-grace-pastors\/#breadcrumb","itemListElement":[{"@type":"ListItem","position":1,"name":"Kezd\u0151lap","item":"https:\/\/emberkekalapitvany.hu\/"},{"@type":"ListItem","position":2,"name":"Divine Grace Pastors"}]},{"@type":"WebSite","@id":"https:\/\/emberkekalapitvany.hu\/#website","url":"https:\/\/emberkekalapitvany.hu\/","name":"Emberk\u00e9k Alap\u00edtv\u00e1ny","description":"Emberk\u00e9k Alap\u00edtv\u00e1ny","publisher":{"@id":"https:\/\/emberkekalapitvany.hu\/#organization"},"potentialAction":[{"@type":"SearchAction","target":{"@type":"EntryPoint","urlTemplate":"https:\/\/emberkekalapitvany.hu\/?s={search_term_string}"},"query-input":{"@type":"PropertyValueSpecification","valueRequired":true,"valueName":"search_term_string"}}],"inLanguage":"hu"},{"@type":"Organization","@id":"https:\/\/emberkekalapitvany.hu\/#organization","name":"Emberk\u00e9k Alap\u00edtv\u00e1ny","url":"https:\/\/emberkekalapitvany.hu\/","logo":{"@type":"ImageObject","inLanguage":"hu","@id":"https:\/\/emberkekalapitvany.hu\/#\/schema\/logo\/image\/","url":"https:\/\/emberkekalapitvany.hu\/wp-content\/uploads\/2025\/05\/emberkek-logo_color_without-elipse.png","contentUrl":"https:\/\/emberkekalapitvany.hu\/wp-content\/uploads\/2025\/05\/emberkek-logo_color_without-elipse.png","width":1080,"height":1080,"caption":"Emberk\u00e9k Alap\u00edtv\u00e1ny"},"image":{"@id":"https:\/\/emberkekalapitvany.hu\/#\/schema\/logo\/image\/"}}]}},"_links":{"self":[{"href":"https:\/\/emberkekalapitvany.hu\/index.php\/wp-json\/wp\/v2\/pages\/79","targetHints":{"allow":["GET"]}}],"collection":[{"href":"https:\/\/emberkekalapitvany.hu\/index.php\/wp-json\/wp\/v2\/pages"}],"about":[{"href":"https:\/\/emberkekalapitvany.hu\/index.php\/wp-json\/wp\/v2\/types\/page"}],"author":[{"embeddable":true,"href":"https:\/\/emberkekalapitvany.hu\/index.php\/wp-json\/wp\/v2\/users\/1"}],"replies":[{"embeddable":true,"href":"https:\/\/emberkekalapitvany.hu\/index.php\/wp-json\/wp\/v2\/comments?post=79"}],"version-history":[{"count":4,"href":"https:\/\/emberkekalapitvany.hu\/index.php\/wp-json\/wp\/v2\/pages\/79\/revisions"}],"predecessor-version":[{"id":131,"href":"https:\/\/emberkekalapitvany.hu\/index.php\/wp-json\/wp\/v2\/pages\/79\/revisions\/131"}],"wp:attachment":[{"href":"https:\/\/emberkekalapitvany.hu\/index.php\/wp-json\/wp\/v2\/media?parent=79"}],"curies":[{"name":"wp","href":"https:\/\/api.w.org\/{rel}","templated":true}]}}