{"id":82,"date":"2025-05-29T12:23:52","date_gmt":"2025-05-29T12:23:52","guid":{"rendered":"https:\/\/emberkekalapitvany.hu\/index.php\/divine-grace-contact\/"},"modified":"2025-05-29T12:24:14","modified_gmt":"2025-05-29T12:24:14","slug":"divine-grace-contact","status":"publish","type":"page","link":"https:\/\/emberkekalapitvany.hu\/index.php\/divine-grace-contact\/","title":{"rendered":"Divine Grace Contact"},"content":{"rendered":"\t\t<div data-elementor-type=\"wp-page\" data-elementor-id=\"82\" class=\"elementor elementor-82\" data-elementor-post-type=\"page\">\n\t\t\t\t\t\t<section class=\"elementor-section elementor-top-section elementor-element elementor-element-89adaf3 elementor-section-boxed elementor-section-height-default elementor-section-height-default\" data-id=\"89adaf3\" data-element_type=\"section\">\n\t\t\t\t\t\t<div class=\"elementor-container elementor-column-gap-no\">\n\t\t\t\t\t<div class=\"elementor-column elementor-col-100 elementor-top-column elementor-element elementor-element-2ee826d\" data-id=\"2ee826d\" data-element_type=\"column\" data-settings=\"{&quot;background_background&quot;:&quot;gradient&quot;}\">\n\t\t\t<div class=\"elementor-widget-wrap elementor-element-populated\">\n\t\t\t\t\t\t<div class=\"elementor-element elementor-element-c4ecbff elementor-widget elementor-widget-google_maps\" data-id=\"c4ecbff\" data-element_type=\"widget\" data-widget_type=\"google_maps.default\">\n\t\t\t\t<div class=\"elementor-widget-container\">\n\t\t\t\t\t\t\t<div class=\"elementor-custom-embed\">\n\t\t\t<iframe loading=\"lazy\"\n\t\t\t\t\tsrc=\"https:\/\/maps.google.com\/maps?q=tabata%20ultimate%20fitness%2C%20brooklyn&#038;t=m&#038;z=14&#038;output=embed&#038;iwloc=near\"\n\t\t\t\t\ttitle=\"tabata ultimate fitness, brooklyn\"\n\t\t\t\t\taria-label=\"tabata ultimate fitness, brooklyn\"\n\t\t\t><\/iframe>\n\t\t<\/div>\n\t\t\t\t\t\t<\/div>\n\t\t\t\t<\/div>\n\t\t\t\t\t<\/div>\n\t\t<\/div>\n\t\t\t\t\t<\/div>\n\t\t<\/section>\n\t\t\t\t<section class=\"elementor-section elementor-top-section elementor-element elementor-element-27f017d elementor-section-boxed elementor-section-height-default elementor-section-height-default\" data-id=\"27f017d\" data-element_type=\"section\">\n\t\t\t\t\t\t<div class=\"elementor-container elementor-column-gap-no\">\n\t\t\t\t\t<div class=\"elementor-column elementor-col-100 elementor-top-column elementor-element elementor-element-48123d1\" data-id=\"48123d1\" data-element_type=\"column\">\n\t\t\t<div class=\"elementor-widget-wrap elementor-element-populated\">\n\t\t\t\t\t\t<section class=\"elementor-section elementor-inner-section elementor-element elementor-element-71fbbe3 elementor-section-full_width elementor-section-height-default elementor-section-height-default\" data-id=\"71fbbe3\" data-element_type=\"section\">\n\t\t\t\t\t\t<div class=\"elementor-container elementor-column-gap-no\">\n\t\t\t\t\t<div class=\"elementor-column elementor-col-100 elementor-inner-column elementor-element elementor-element-dcb187c\" data-id=\"dcb187c\" data-element_type=\"column\">\n\t\t\t<div class=\"elementor-widget-wrap elementor-element-populated\">\n\t\t\t\t\t\t<div class=\"elementor-element elementor-element-7dc5fda elementor-widget elementor-widget-heading\" data-id=\"7dc5fda\" data-element_type=\"widget\" data-widget_type=\"heading.default\">\n\t\t\t\t<div class=\"elementor-widget-container\">\n\t\t\t\t\t<h6 class=\"elementor-heading-title elementor-size-default\">Contact Form<\/h6>\t\t\t\t<\/div>\n\t\t\t\t<\/div>\n\t\t\t\t<div class=\"elementor-element elementor-element-a78aac0 elementor-widget elementor-widget-heading\" data-id=\"a78aac0\" data-element_type=\"widget\" data-widget_type=\"heading.default\">\n\t\t\t\t<div class=\"elementor-widget-container\">\n\t\t\t\t\t<h2 class=\"elementor-heading-title elementor-size-default\">Reach Out To Us<\/h2>\t\t\t\t<\/div>\n\t\t\t\t<\/div>\n\t\t\t\t\t<\/div>\n\t\t<\/div>\n\t\t\t\t\t<\/div>\n\t\t<\/section>\n\t\t\t\t<section class=\"elementor-section elementor-inner-section elementor-element elementor-element-50e9a27 elementor-section-full_width elementor-section-height-default elementor-section-height-default\" data-id=\"50e9a27\" data-element_type=\"section\">\n\t\t\t\t\t\t<div class=\"elementor-container elementor-column-gap-no\">\n\t\t\t\t\t<div class=\"elementor-column elementor-col-33 elementor-inner-column elementor-element elementor-element-3bc8f6a\" data-id=\"3bc8f6a\" data-element_type=\"column\">\n\t\t\t<div class=\"elementor-widget-wrap elementor-element-populated\">\n\t\t\t\t\t\t<div class=\"elementor-element elementor-element-b02a95b animated-slow eael-infobox-shape-circle eael-infobox-hover-img-shape-radius eael-infobox-content-align--center elementor-invisible elementor-widget elementor-widget-eael-info-box\" data-id=\"b02a95b\" data-element_type=\"widget\" data-settings=\"{&quot;_animation&quot;:&quot;fadeInUp&quot;,&quot;_animation_delay&quot;:300}\" data-widget_type=\"eael-info-box.default\">\n\t\t\t\t<div class=\"elementor-widget-container\">\n\t\t\t\t\t        <div class=\"eael-infobox icon-on-top\">\n\t            <div class=\"infobox-icon\">\n\n                            <img decoding=\"async\" src=\"https:\/\/emberkekalapitvany.hu\/wp-content\/uploads\/2024\/03\/Group-212.png\" alt=\"\">\n            \n            \n            \n        <\/div>\n            <div class=\"infobox-content\">\n        <div><p>Cloud Avenue, 887 Road, USA<\/p><\/div>        <div class=\"infobox-button\">\n            <a class=\"eael-infobox-button\" href=\"#\">\n                                <span class=\"infobox-button-text\">Get derections<\/span>\n                                                            <svg aria-hidden=\"true\" class=\"eael_infobox_button_icon_right e-font-icon-svg e-fas-long-arrow-alt-right\" viewBox=\"0 0 448 512\" xmlns=\"http:\/\/www.w3.org\/2000\/svg\"><path d=\"M313.941 216H12c-6.627 0-12 5.373-12 12v56c0 6.627 5.373 12 12 12h301.941v46.059c0 21.382 25.851 32.09 40.971 16.971l86.059-86.059c9.373-9.373 9.373-24.569 0-33.941l-86.059-86.059c-15.119-15.119-40.971-4.411-40.971 16.971V216z\"><\/path><\/svg>                                                <\/a>\n        <\/div>\n            <\/div>\n            <\/div>\n\n\t\t\t\t\t\t<\/div>\n\t\t\t\t<\/div>\n\t\t\t\t\t<\/div>\n\t\t<\/div>\n\t\t\t\t<div class=\"elementor-column elementor-col-33 elementor-inner-column elementor-element elementor-element-aad5ac4\" data-id=\"aad5ac4\" data-element_type=\"column\">\n\t\t\t<div class=\"elementor-widget-wrap elementor-element-populated\">\n\t\t\t\t\t\t<div class=\"elementor-element elementor-element-d412b9f animated-slow eael-infobox-shape-circle eael-infobox-hover-img-shape-radius eael-infobox-content-align--center elementor-invisible elementor-widget elementor-widget-eael-info-box\" data-id=\"d412b9f\" data-element_type=\"widget\" data-settings=\"{&quot;_animation&quot;:&quot;fadeInUp&quot;,&quot;_animation_delay&quot;:300}\" data-widget_type=\"eael-info-box.default\">\n\t\t\t\t<div class=\"elementor-widget-container\">\n\t\t\t\t\t        <div class=\"eael-infobox icon-on-top\">\n\t            <div class=\"infobox-icon\">\n\n                            <img decoding=\"async\" src=\"https:\/\/emberkekalapitvany.hu\/wp-content\/uploads\/2024\/03\/Group-212-1.png\" alt=\"\">\n            \n            \n            \n        <\/div>\n            <div class=\"infobox-content\">\n        <div><p>church@contact.com<\/p><p>church@contact.com<\/p><\/div>        <div class=\"infobox-button\">\n            <a class=\"eael-infobox-button\" href=\"#\">\n                                <span class=\"infobox-button-text\">Get mail<\/span>\n                                                            <svg aria-hidden=\"true\" class=\"eael_infobox_button_icon_right e-font-icon-svg e-fas-long-arrow-alt-right\" viewBox=\"0 0 448 512\" xmlns=\"http:\/\/www.w3.org\/2000\/svg\"><path d=\"M313.941 216H12c-6.627 0-12 5.373-12 12v56c0 6.627 5.373 12 12 12h301.941v46.059c0 21.382 25.851 32.09 40.971 16.971l86.059-86.059c9.373-9.373 9.373-24.569 0-33.941l-86.059-86.059c-15.119-15.119-40.971-4.411-40.971 16.971V216z\"><\/path><\/svg>                                                <\/a>\n        <\/div>\n            <\/div>\n            <\/div>\n\n\t\t\t\t\t\t<\/div>\n\t\t\t\t<\/div>\n\t\t\t\t\t<\/div>\n\t\t<\/div>\n\t\t\t\t<div class=\"elementor-column elementor-col-33 elementor-inner-column elementor-element elementor-element-7ccc0a9\" data-id=\"7ccc0a9\" data-element_type=\"column\">\n\t\t\t<div class=\"elementor-widget-wrap elementor-element-populated\">\n\t\t\t\t\t\t<div class=\"elementor-element elementor-element-c7bbfd0 animated-slow eael-infobox-shape-circle eael-infobox-hover-img-shape-radius eael-infobox-content-align--center elementor-invisible elementor-widget elementor-widget-eael-info-box\" data-id=\"c7bbfd0\" data-element_type=\"widget\" data-settings=\"{&quot;_animation&quot;:&quot;fadeInUp&quot;,&quot;_animation_delay&quot;:300}\" data-widget_type=\"eael-info-box.default\">\n\t\t\t\t<div class=\"elementor-widget-container\">\n\t\t\t\t\t        <div class=\"eael-infobox icon-on-top\">\n\t            <div class=\"infobox-icon\">\n\n                            <img decoding=\"async\" src=\"https:\/\/emberkekalapitvany.hu\/wp-content\/uploads\/2024\/03\/Group-212-2.png\" alt=\"\">\n            \n            \n            \n        <\/div>\n            <div class=\"infobox-content\">\n        <div><p>+12224 889 2121<\/p><p>+12224 889 2121<\/p><\/div>        <div class=\"infobox-button\">\n            <a class=\"eael-infobox-button\" href=\"#\">\n                                <span class=\"infobox-button-text\">contact now<\/span>\n                                                            <svg aria-hidden=\"true\" class=\"eael_infobox_button_icon_right e-font-icon-svg e-fas-long-arrow-alt-right\" viewBox=\"0 0 448 512\" xmlns=\"http:\/\/www.w3.org\/2000\/svg\"><path d=\"M313.941 216H12c-6.627 0-12 5.373-12 12v56c0 6.627 5.373 12 12 12h301.941v46.059c0 21.382 25.851 32.09 40.971 16.971l86.059-86.059c9.373-9.373 9.373-24.569 0-33.941l-86.059-86.059c-15.119-15.119-40.971-4.411-40.971 16.971V216z\"><\/path><\/svg>                                                <\/a>\n        <\/div>\n            <\/div>\n            <\/div>\n\n\t\t\t\t\t\t<\/div>\n\t\t\t\t<\/div>\n\t\t\t\t\t<\/div>\n\t\t<\/div>\n\t\t\t\t\t<\/div>\n\t\t<\/section>\n\t\t\t\t<section class=\"elementor-section elementor-inner-section elementor-element elementor-element-e5b7de4 elementor-section-full_width elementor-section-height-default elementor-section-height-default\" data-id=\"e5b7de4\" data-element_type=\"section\">\n\t\t\t\t\t\t<div class=\"elementor-container elementor-column-gap-no\">\n\t\t\t\t\t<div class=\"elementor-column elementor-col-100 elementor-inner-column elementor-element elementor-element-f99f576\" data-id=\"f99f576\" data-element_type=\"column\">\n\t\t\t<div class=\"elementor-widget-wrap\">\n\t\t\t\t\t\t\t<\/div>\n\t\t<\/div>\n\t\t\t\t\t<\/div>\n\t\t<\/section>\n\t\t\t\t\t<\/div>\n\t\t<\/div>\n\t\t\t\t\t<\/div>\n\t\t<\/section>\n\t\t\t\t<section class=\"elementor-section elementor-top-section elementor-element elementor-element-7855a50 elementor-section-boxed elementor-section-height-default elementor-section-height-default\" data-id=\"7855a50\" data-element_type=\"section\">\n\t\t\t\t\t\t<div class=\"elementor-container elementor-column-gap-no\">\n\t\t\t\t\t<div class=\"elementor-column elementor-col-100 elementor-top-column elementor-element elementor-element-064c550\" data-id=\"064c550\" data-element_type=\"column\" data-settings=\"{&quot;background_background&quot;:&quot;classic&quot;}\">\n\t\t\t<div class=\"elementor-widget-wrap elementor-element-populated\">\n\t\t\t\t\t\t<section class=\"elementor-section elementor-inner-section elementor-element elementor-element-419ea27 elementor-section-full_width elementor-section-height-default elementor-section-height-default\" data-id=\"419ea27\" data-element_type=\"section\">\n\t\t\t\t\t\t<div class=\"elementor-container elementor-column-gap-no\">\n\t\t\t\t\t<div class=\"elementor-column elementor-col-100 elementor-inner-column elementor-element elementor-element-270210c\" data-id=\"270210c\" data-element_type=\"column\">\n\t\t\t<div class=\"elementor-widget-wrap elementor-element-populated\">\n\t\t\t\t\t\t<div class=\"elementor-element elementor-element-2d74549 elementor-widget elementor-widget-heading\" data-id=\"2d74549\" data-element_type=\"widget\" data-widget_type=\"heading.default\">\n\t\t\t\t<div class=\"elementor-widget-container\">\n\t\t\t\t\t<h2 class=\"elementor-heading-title elementor-size-default\">Want To Support Our Cause?<\/h2>\t\t\t\t<\/div>\n\t\t\t\t<\/div>\n\t\t\t\t\t<\/div>\n\t\t<\/div>\n\t\t\t\t\t<\/div>\n\t\t<\/section>\n\t\t\t\t\t<\/div>\n\t\t<\/div>\n\t\t\t\t\t<\/div>\n\t\t<\/section>\n\t\t\t\t<\/div>\n\t\t","protected":false},"excerpt":{"rendered":"<p>Contact Form Reach Out To Us Cloud Avenue, 887 Road, USA Get derections church@contact.com church@contact.com Get mail +12224 889 2121 +12224 889 2121 contact now Want To Support Our Cause?<\/p>\n","protected":false},"author":1,"featured_media":0,"parent":0,"menu_order":0,"comment_status":"closed","ping_status":"closed","template":"elementor_header_footer","meta":{"footnotes":""},"class_list":["post-82","page","type-page","status-publish","hentry"],"yoast_head":"<!-- This site is optimized with the Yoast SEO plugin v25.2 - https:\/\/yoast.com\/wordpress\/plugins\/seo\/ -->\n<title>Divine Grace Contact - Emberk\u00e9k Alap\u00edtv\u00e1ny<\/title>\n<meta name=\"robots\" content=\"index, follow, max-snippet:-1, max-image-preview:large, max-video-preview:-1\" \/>\n<link rel=\"canonical\" href=\"https:\/\/emberkekalapitvany.hu\/index.php\/divine-grace-contact\/\" \/>\n<meta property=\"og:locale\" content=\"hu_HU\" \/>\n<meta property=\"og:type\" content=\"article\" \/>\n<meta property=\"og:title\" content=\"Divine Grace Contact - Emberk\u00e9k Alap\u00edtv\u00e1ny\" \/>\n<meta property=\"og:description\" content=\"Contact Form Reach Out To Us Cloud Avenue, 887 Road, USA Get derections church@contact.com church@contact.com Get mail +12224 889 2121 +12224 889 2121 contact now Want To Support Our Cause?\" \/>\n<meta property=\"og:url\" content=\"https:\/\/emberkekalapitvany.hu\/index.php\/divine-grace-contact\/\" \/>\n<meta property=\"og:site_name\" content=\"Emberk\u00e9k Alap\u00edtv\u00e1ny\" \/>\n<meta property=\"article:modified_time\" content=\"2025-05-29T12:24:14+00:00\" \/>\n<meta property=\"og:image\" content=\"https:\/\/emberkekalapitvany.hu\/wp-content\/uploads\/2024\/03\/Group-212.png\" \/>\n<meta name=\"twitter:card\" content=\"summary_large_image\" \/>\n<script type=\"application\/ld+json\" class=\"yoast-schema-graph\">{\"@context\":\"https:\/\/schema.org\",\"@graph\":[{\"@type\":\"WebPage\",\"@id\":\"https:\/\/emberkekalapitvany.hu\/index.php\/divine-grace-contact\/\",\"url\":\"https:\/\/emberkekalapitvany.hu\/index.php\/divine-grace-contact\/\",\"name\":\"Divine Grace Contact - Emberk\u00e9k Alap\u00edtv\u00e1ny\",\"isPartOf\":{\"@id\":\"https:\/\/emberkekalapitvany.hu\/#website\"},\"primaryImageOfPage\":{\"@id\":\"https:\/\/emberkekalapitvany.hu\/index.php\/divine-grace-contact\/#primaryimage\"},\"image\":{\"@id\":\"https:\/\/emberkekalapitvany.hu\/index.php\/divine-grace-contact\/#primaryimage\"},\"thumbnailUrl\":\"https:\/\/emberkekalapitvany.hu\/wp-content\/uploads\/2024\/03\/Group-212.png\",\"datePublished\":\"2025-05-29T12:23:52+00:00\",\"dateModified\":\"2025-05-29T12:24:14+00:00\",\"breadcrumb\":{\"@id\":\"https:\/\/emberkekalapitvany.hu\/index.php\/divine-grace-contact\/#breadcrumb\"},\"inLanguage\":\"hu\",\"potentialAction\":[{\"@type\":\"ReadAction\",\"target\":[\"https:\/\/emberkekalapitvany.hu\/index.php\/divine-grace-contact\/\"]}]},{\"@type\":\"ImageObject\",\"inLanguage\":\"hu\",\"@id\":\"https:\/\/emberkekalapitvany.hu\/index.php\/divine-grace-contact\/#primaryimage\",\"url\":\"https:\/\/emberkekalapitvany.hu\/wp-content\/uploads\/2024\/03\/Group-212.png\",\"contentUrl\":\"https:\/\/emberkekalapitvany.hu\/wp-content\/uploads\/2024\/03\/Group-212.png\",\"width\":80,\"height\":80},{\"@type\":\"BreadcrumbList\",\"@id\":\"https:\/\/emberkekalapitvany.hu\/index.php\/divine-grace-contact\/#breadcrumb\",\"itemListElement\":[{\"@type\":\"ListItem\",\"position\":1,\"name\":\"Kezd\u0151lap\",\"item\":\"https:\/\/emberkekalapitvany.hu\/\"},{\"@type\":\"ListItem\",\"position\":2,\"name\":\"Divine Grace Contact\"}]},{\"@type\":\"WebSite\",\"@id\":\"https:\/\/emberkekalapitvany.hu\/#website\",\"url\":\"https:\/\/emberkekalapitvany.hu\/\",\"name\":\"Emberk\u00e9k Alap\u00edtv\u00e1ny\",\"description\":\"Emberk\u00e9k Alap\u00edtv\u00e1ny\",\"publisher\":{\"@id\":\"https:\/\/emberkekalapitvany.hu\/#organization\"},\"potentialAction\":[{\"@type\":\"SearchAction\",\"target\":{\"@type\":\"EntryPoint\",\"urlTemplate\":\"https:\/\/emberkekalapitvany.hu\/?s={search_term_string}\"},\"query-input\":{\"@type\":\"PropertyValueSpecification\",\"valueRequired\":true,\"valueName\":\"search_term_string\"}}],\"inLanguage\":\"hu\"},{\"@type\":\"Organization\",\"@id\":\"https:\/\/emberkekalapitvany.hu\/#organization\",\"name\":\"Emberk\u00e9k Alap\u00edtv\u00e1ny\",\"url\":\"https:\/\/emberkekalapitvany.hu\/\",\"logo\":{\"@type\":\"ImageObject\",\"inLanguage\":\"hu\",\"@id\":\"https:\/\/emberkekalapitvany.hu\/#\/schema\/logo\/image\/\",\"url\":\"https:\/\/emberkekalapitvany.hu\/wp-content\/uploads\/2025\/05\/emberkek-logo_color_without-elipse.png\",\"contentUrl\":\"https:\/\/emberkekalapitvany.hu\/wp-content\/uploads\/2025\/05\/emberkek-logo_color_without-elipse.png\",\"width\":1080,\"height\":1080,\"caption\":\"Emberk\u00e9k Alap\u00edtv\u00e1ny\"},\"image\":{\"@id\":\"https:\/\/emberkekalapitvany.hu\/#\/schema\/logo\/image\/\"}}]}<\/script>\n<!-- \/ Yoast SEO plugin. -->","yoast_head_json":{"title":"Divine Grace Contact - Emberk\u00e9k Alap\u00edtv\u00e1ny","robots":{"index":"index","follow":"follow","max-snippet":"max-snippet:-1","max-image-preview":"max-image-preview:large","max-video-preview":"max-video-preview:-1"},"canonical":"https:\/\/emberkekalapitvany.hu\/index.php\/divine-grace-contact\/","og_locale":"hu_HU","og_type":"article","og_title":"Divine Grace Contact - Emberk\u00e9k Alap\u00edtv\u00e1ny","og_description":"Contact Form Reach Out To Us Cloud Avenue, 887 Road, USA Get derections church@contact.com church@contact.com Get mail +12224 889 2121 +12224 889 2121 contact now Want To Support Our Cause?","og_url":"https:\/\/emberkekalapitvany.hu\/index.php\/divine-grace-contact\/","og_site_name":"Emberk\u00e9k Alap\u00edtv\u00e1ny","article_modified_time":"2025-05-29T12:24:14+00:00","og_image":[{"url":"https:\/\/emberkekalapitvany.hu\/wp-content\/uploads\/2024\/03\/Group-212.png","type":"","width":"","height":""}],"twitter_card":"summary_large_image","schema":{"@context":"https:\/\/schema.org","@graph":[{"@type":"WebPage","@id":"https:\/\/emberkekalapitvany.hu\/index.php\/divine-grace-contact\/","url":"https:\/\/emberkekalapitvany.hu\/index.php\/divine-grace-contact\/","name":"Divine Grace Contact - Emberk\u00e9k Alap\u00edtv\u00e1ny","isPartOf":{"@id":"https:\/\/emberkekalapitvany.hu\/#website"},"primaryImageOfPage":{"@id":"https:\/\/emberkekalapitvany.hu\/index.php\/divine-grace-contact\/#primaryimage"},"image":{"@id":"https:\/\/emberkekalapitvany.hu\/index.php\/divine-grace-contact\/#primaryimage"},"thumbnailUrl":"https:\/\/emberkekalapitvany.hu\/wp-content\/uploads\/2024\/03\/Group-212.png","datePublished":"2025-05-29T12:23:52+00:00","dateModified":"2025-05-29T12:24:14+00:00","breadcrumb":{"@id":"https:\/\/emberkekalapitvany.hu\/index.php\/divine-grace-contact\/#breadcrumb"},"inLanguage":"hu","potentialAction":[{"@type":"ReadAction","target":["https:\/\/emberkekalapitvany.hu\/index.php\/divine-grace-contact\/"]}]},{"@type":"ImageObject","inLanguage":"hu","@id":"https:\/\/emberkekalapitvany.hu\/index.php\/divine-grace-contact\/#primaryimage","url":"https:\/\/emberkekalapitvany.hu\/wp-content\/uploads\/2024\/03\/Group-212.png","contentUrl":"https:\/\/emberkekalapitvany.hu\/wp-content\/uploads\/2024\/03\/Group-212.png","width":80,"height":80},{"@type":"BreadcrumbList","@id":"https:\/\/emberkekalapitvany.hu\/index.php\/divine-grace-contact\/#breadcrumb","itemListElement":[{"@type":"ListItem","position":1,"name":"Kezd\u0151lap","item":"https:\/\/emberkekalapitvany.hu\/"},{"@type":"ListItem","position":2,"name":"Divine Grace Contact"}]},{"@type":"WebSite","@id":"https:\/\/emberkekalapitvany.hu\/#website","url":"https:\/\/emberkekalapitvany.hu\/","name":"Emberk\u00e9k Alap\u00edtv\u00e1ny","description":"Emberk\u00e9k Alap\u00edtv\u00e1ny","publisher":{"@id":"https:\/\/emberkekalapitvany.hu\/#organization"},"potentialAction":[{"@type":"SearchAction","target":{"@type":"EntryPoint","urlTemplate":"https:\/\/emberkekalapitvany.hu\/?s={search_term_string}"},"query-input":{"@type":"PropertyValueSpecification","valueRequired":true,"valueName":"search_term_string"}}],"inLanguage":"hu"},{"@type":"Organization","@id":"https:\/\/emberkekalapitvany.hu\/#organization","name":"Emberk\u00e9k Alap\u00edtv\u00e1ny","url":"https:\/\/emberkekalapitvany.hu\/","logo":{"@type":"ImageObject","inLanguage":"hu","@id":"https:\/\/emberkekalapitvany.hu\/#\/schema\/logo\/image\/","url":"https:\/\/emberkekalapitvany.hu\/wp-content\/uploads\/2025\/05\/emberkek-logo_color_without-elipse.png","contentUrl":"https:\/\/emberkekalapitvany.hu\/wp-content\/uploads\/2025\/05\/emberkek-logo_color_without-elipse.png","width":1080,"height":1080,"caption":"Emberk\u00e9k Alap\u00edtv\u00e1ny"},"image":{"@id":"https:\/\/emberkekalapitvany.hu\/#\/schema\/logo\/image\/"}}]}},"_links":{"self":[{"href":"https:\/\/emberkekalapitvany.hu\/index.php\/wp-json\/wp\/v2\/pages\/82","targetHints":{"allow":["GET"]}}],"collection":[{"href":"https:\/\/emberkekalapitvany.hu\/index.php\/wp-json\/wp\/v2\/pages"}],"about":[{"href":"https:\/\/emberkekalapitvany.hu\/index.php\/wp-json\/wp\/v2\/types\/page"}],"author":[{"embeddable":true,"href":"https:\/\/emberkekalapitvany.hu\/index.php\/wp-json\/wp\/v2\/users\/1"}],"replies":[{"embeddable":true,"href":"https:\/\/emberkekalapitvany.hu\/index.php\/wp-json\/wp\/v2\/comments?post=82"}],"version-history":[{"count":4,"href":"https:\/\/emberkekalapitvany.hu\/index.php\/wp-json\/wp\/v2\/pages\/82\/revisions"}],"predecessor-version":[{"id":133,"href":"https:\/\/emberkekalapitvany.hu\/index.php\/wp-json\/wp\/v2\/pages\/82\/revisions\/133"}],"wp:attachment":[{"href":"https:\/\/emberkekalapitvany.hu\/index.php\/wp-json\/wp\/v2\/media?parent=82"}],"curies":[{"name":"wp","href":"https:\/\/api.w.org\/{rel}","templated":true}]}}